{"id":2428,"date":"2023-08-12T02:55:19","date_gmt":"2023-08-12T09:55:19","guid":{"rendered":"https:\/\/motoprotemplates.com\/?page_id=2428"},"modified":"2023-08-12T02:55:19","modified_gmt":"2023-08-12T09:55:19","slug":"privacy-policy-2","status":"publish","type":"page","link":"https:\/\/motoprotemplates.com\/cs\/privacy-policy-2\/","title":{"rendered":"Z\u00e1sady ochrany osobn\u00edch \u00fadaj\u016f"},"content":{"rendered":"<h2 class=\"wp-block-heading\">Kdo jsme<\/h2>\r\n\r\n\r\n\r\n<p>Na\u0161e webov\u00e1 adresa je: https:\/\/motoprotemplates.com.<\/p>\r\n\r\n\r\n\r\n\r\n\r\n\r\n\r\n<h2 class=\"wp-block-heading\">Soubory cookie<\/h2>\r\n\r\n\r\n\r\n\r\n\r\n<p>Pokud nav\u0161t\u00edv\u00edte na\u0161i p\u0159ihla\u0161ovac\u00ed str\u00e1nku, nastav\u00edme do\u010dasn\u00fd soubor cookie, abychom zjistili, zda v\u00e1\u0161 prohl\u00ed\u017ee\u010d p\u0159ij\u00edm\u00e1 soubory cookie. Tento soubor cookie neobsahuje \u017e\u00e1dn\u00e9 osobn\u00ed \u00fadaje a po zav\u0159en\u00ed prohl\u00ed\u017ee\u010de je odstran\u011bn.<\/p>\r\n\r\n\r\n\r\n<p>P\u0159i p\u0159ihla\u0161ov\u00e1n\u00ed tak\u00e9 nastav\u00edme n\u011bkolik soubor\u016f cookie, abychom ulo\u017eili va\u0161e p\u0159ihla\u0161ovac\u00ed \u00fadaje a volby zobrazen\u00ed na obrazovce. Soubory cookie pro p\u0159ihl\u00e1\u0161en\u00ed vydr\u017e\u00ed dva dny a soubory cookie pro volby obrazovky vydr\u017e\u00ed rok. Pokud vyberete mo\u017enost \"Zapamatovat si m\u011b\", va\u0161e p\u0159ihl\u00e1\u0161en\u00ed p\u0159etrv\u00e1 dva t\u00fddny. Pokud se ze sv\u00e9ho \u00fa\u010dtu odhl\u00e1s\u00edte, p\u0159ihla\u0161ovac\u00ed soubory cookie budou odstran\u011bny.<\/p>\r\n\r\n\r\n\r\n<p>Pokud uprav\u00edte nebo zve\u0159ejn\u00edte \u010dl\u00e1nek, ulo\u017e\u00ed se do va\u0161eho prohl\u00ed\u017ee\u010de dal\u0161\u00ed soubor cookie. Tento soubor cookie neobsahuje \u017e\u00e1dn\u00e9 osobn\u00ed \u00fadaje a pouze ozna\u010duje ID p\u0159\u00edsp\u011bvku \u010dl\u00e1nku, kter\u00fd jste pr\u00e1v\u011b upravili. Jeho platnost vypr\u0161\u00ed po 1 dni.<\/p>\r\n\r\n\r\n\r\n\r\n\r\n<h2 class=\"wp-block-heading\">S k\u00fdm sd\u00edl\u00edme va\u0161e \u00fadaje<\/h2>\r\n<p>Va\u0161e osobn\u00ed \u00fadaje neprod\u00e1v\u00e1me a nebudeme prod\u00e1vat \u017e\u00e1dn\u00e9 t\u0159et\u00ed stran\u011b. To je pro n\u00e1s z\u00e1sadn\u00ed, abychom si udr\u017eeli d\u016fv\u011bru, kterou v n\u00e1s m\u00e1te, a abychom zachovali soukrom\u00ed va\u0161ich \u00fadaj\u016f.<\/p>\r\n\r\n\r\n\r\n<p>Pokud po\u017e\u00e1d\u00e1te o obnoven\u00ed hesla, bude v e-mailu s \u017e\u00e1dost\u00ed o obnoven\u00ed hesla uvedena va\u0161e IP adresa.<\/p>\r\n\r\n\r\n\r\n<h2 class=\"wp-block-heading\">Jak dlouho va\u0161e \u00fadaje uchov\u00e1v\u00e1me<\/h2>\r\n\r\n\r\n\r\n\r\n\r\n<p>U u\u017eivatel\u016f, kte\u0159\u00ed se na na\u0161ich webov\u00fdch str\u00e1nk\u00e1ch zaregistruj\u00ed (pokud existuj\u00ed), ukl\u00e1d\u00e1me osobn\u00ed \u00fadaje, kter\u00e9 n\u00e1m poskytli, do jejich u\u017eivatelsk\u00e9ho profilu. V\u0161ichni u\u017eivatel\u00e9 mohou sv\u00e9 osobn\u00ed \u00fadaje kdykoli zobrazit, upravit nebo odstranit (krom\u011b toho, \u017ee nemohou zm\u011bnit sv\u00e9 u\u017eivatelsk\u00e9 jm\u00e9no). Tyto informace mohou vid\u011bt a upravovat tak\u00e9 spr\u00e1vci webov\u00fdch str\u00e1nek.<\/p>\r\n\r\n\r\n\r\n<h2 class=\"wp-block-heading\">Jak\u00e1 m\u00e1te pr\u00e1va na sv\u00e9 \u00fadaje<\/h2>\r\n\r\n\r\n\r\n<p>Pokud m\u00e1te na t\u011bchto str\u00e1nk\u00e1ch \u00fa\u010det nebo jste zanechali koment\u00e1\u0159e, m\u016f\u017eete po\u017e\u00e1dat o zasl\u00e1n\u00ed exportovan\u00e9ho souboru osobn\u00edch \u00fadaj\u016f, kter\u00e9 o v\u00e1s uchov\u00e1v\u00e1me, v\u010detn\u011b v\u0161ech \u00fadaj\u016f, kter\u00e9 jste n\u00e1m poskytli. M\u016f\u017eete tak\u00e9 po\u017e\u00e1dat o vymaz\u00e1n\u00ed v\u0161ech osobn\u00edch \u00fadaj\u016f, kter\u00e9 o v\u00e1s uchov\u00e1v\u00e1me. To se net\u00fdk\u00e1 \u00fadaj\u016f, kter\u00e9 jsme povinni uchov\u00e1vat pro administrativn\u00ed, pr\u00e1vn\u00ed nebo bezpe\u010dnostn\u00ed \u00fa\u010dely.<\/p>\r\n\r\n\r\n\r\n<h2 class=\"wp-block-heading\">Kam jsou va\u0161e \u00fadaje odes\u00edl\u00e1ny<\/h2>\r\n<p>Va\u0161e osobn\u00ed \u00fadaje neprod\u00e1v\u00e1me a nebudeme prod\u00e1vat \u017e\u00e1dn\u00e9 t\u0159et\u00ed stran\u011b. To je pro n\u00e1s z\u00e1sadn\u00ed, abychom si udr\u017eeli d\u016fv\u011bru, kterou v n\u00e1s m\u00e1te, a abychom zachovali soukrom\u00ed va\u0161ich \u00fadaj\u016f.<\/p>\r\n\r\n\r\n\r\n<p>\u010cas od \u010dasu v\u0161ak m\u016f\u017eeme pot\u0159ebovat sd\u00edlet va\u0161e osobn\u00ed \u00fadaje s poskytovateli slu\u017eeb, jako jsou marketingov\u00e9 agentury, inzerenti, n\u00e1borov\u00e9 agentury, hostitel\u00e9 webov\u00fdch str\u00e1nek a dal\u0161\u00ed poskytovatel\u00e9 technologi\u00ed, kte\u0159\u00ed n\u00e1m pom\u00e1haj\u00ed \u0159\u00eddit a usnad\u0148ovat na\u0161e operace a poskytovat z\u00e1kladn\u00ed slu\u017eby na\u0161\u00ed komunit\u011b a z\u00e1kazn\u00edk\u016fm.<\/p>\r\n<p>Tito poskytovatel\u00e9 slu\u017eeb t\u0159et\u00edch stran nesm\u011bj\u00ed pou\u017e\u00edvat ani zve\u0159ej\u0148ovat va\u0161e osobn\u00ed \u00fadaje s v\u00fdjimkou p\u0159\u00edpad\u016f, kdy je to nezbytn\u00e9 pro poskytov\u00e1n\u00ed slu\u017eeb na\u0161\u00edm jm\u00e9nem nebo pro spln\u011bn\u00ed z\u00e1konn\u00fdch po\u017eadavk\u016f.<\/p>","protected":false},"excerpt":{"rendered":"<p>Who we are Our website address is: https:\/\/motoprotemplates.com. Cookies If you visit our login page, we will set a temporary cookie to determine if your browser accepts cookies. This cookie contains no personal data and is discarded when you close your browser. When you log in, we will also set up several cookies to save &hellip;<\/p>\n<p class=\"read-more\"> <a class=\"\" href=\"https:\/\/motoprotemplates.com\/cs\/privacy-policy-2\/\"> <span class=\"screen-reader-text\">Z\u00e1sady ochrany osobn\u00edch \u00fadaj\u016f<\/span> Pokra\u010dovat ve \u010dten\u00ed \"<\/a><\/p>","protected":false},"author":1,"featured_media":0,"parent":0,"menu_order":0,"comment_status":"closed","ping_status":"closed","template":"","meta":{"_monsterinsights_skip_tracking":false,"_monsterinsights_sitenote_active":false,"_monsterinsights_sitenote_note":"","_monsterinsights_sitenote_category":0,"site-sidebar-layout":"default","site-content-layout":"default","ast-global-header-display":"","ast-banner-title-visibility":"","ast-main-header-display":"","ast-hfb-above-header-display":"","ast-hfb-below-header-display":"","ast-hfb-mobile-header-display":"","site-post-title":"","ast-breadcrumbs-content":"","ast-featured-img":"","footer-sml-layout":"","theme-transparent-header-meta":"default","adv-header-id-meta":"","stick-header-meta":"","header-above-stick-meta":"","header-main-stick-meta":"","header-below-stick-meta":"","footnotes":""},"class_list":["post-2428","page","type-page","status-publish","hentry"],"yoast_head":"<!-- This site is optimized with the Yoast SEO Premium plugin v20.11 (Yoast SEO v21.3) - https:\/\/yoast.com\/wordpress\/plugins\/seo\/ -->\n<title>Privacy Policy - Motorcycle Templates MotoProTemplates<\/title>\n<meta name=\"robots\" content=\"index, follow, max-snippet:-1, max-image-preview:large, max-video-preview:-1\" \/>\n<link rel=\"canonical\" href=\"https:\/\/motoprotemplates.com\/cs\/privacy-policy-2\/\" \/>\n<meta property=\"og:locale\" content=\"cs_CZ\" \/>\n<meta property=\"og:type\" content=\"article\" \/>\n<meta property=\"og:title\" content=\"Privacy Policy\" \/>\n<meta property=\"og:description\" content=\"Who we are Our website address is: https:\/\/motoprotemplates.com. Cookies If you visit our login page, we will set a temporary cookie to determine if your browser accepts cookies. This cookie contains no personal data and is discarded when you close your browser. When you log in, we will also set up several cookies to save &hellip; Privacy Policy Pokra\u010dovat ve \u010dten\u00ed &raquo;\" \/>\n<meta property=\"og:url\" content=\"https:\/\/motoprotemplates.com\/cs\/privacy-policy-2\/\" \/>\n<meta property=\"og:site_name\" content=\"Motorcycle Templates\" \/>\n<meta name=\"twitter:card\" content=\"summary_large_image\" \/>\n<meta name=\"twitter:label1\" content=\"Odhadovan\u00e1 doba \u010dten\u00ed\" \/>\n\t<meta name=\"twitter:data1\" content=\"2 minuty\" \/>\n<script type=\"application\/ld+json\" class=\"yoast-schema-graph\">{\"@context\":\"https:\/\/schema.org\",\"@graph\":[{\"@type\":\"WebPage\",\"@id\":\"https:\/\/motoprotemplates.com\/privacy-policy-2\/\",\"url\":\"https:\/\/motoprotemplates.com\/privacy-policy-2\/\",\"name\":\"Privacy Policy - Motorcycle Templates MotoProTemplates\",\"isPartOf\":{\"@id\":\"https:\/\/motoprotemplates.com\/#website\"},\"datePublished\":\"2023-08-12T09:55:19+00:00\",\"dateModified\":\"2023-08-12T09:55:19+00:00\",\"breadcrumb\":{\"@id\":\"https:\/\/motoprotemplates.com\/privacy-policy-2\/#breadcrumb\"},\"inLanguage\":\"cs\",\"potentialAction\":[{\"@type\":\"ReadAction\",\"target\":[\"https:\/\/motoprotemplates.com\/privacy-policy-2\/\"]}]},{\"@type\":\"BreadcrumbList\",\"@id\":\"https:\/\/motoprotemplates.com\/privacy-policy-2\/#breadcrumb\",\"itemListElement\":[{\"@type\":\"ListItem\",\"position\":1,\"name\":\"Home\",\"item\":\"https:\/\/motoprotemplates.com\/de\/\"},{\"@type\":\"ListItem\",\"position\":2,\"name\":\"Privacy Policy\"}]},{\"@type\":\"WebSite\",\"@id\":\"https:\/\/motoprotemplates.com\/#website\",\"url\":\"https:\/\/motoprotemplates.com\/\",\"name\":\"motoprotemplates\",\"description\":\"digital files motorcycle templates and t shirt designs download\",\"publisher\":{\"@id\":\"https:\/\/motoprotemplates.com\/#\/schema\/person\/89029608b69c685517442dbb10b20703\"},\"potentialAction\":[{\"@type\":\"SearchAction\",\"target\":{\"@type\":\"EntryPoint\",\"urlTemplate\":\"https:\/\/motoprotemplates.com\/?s={search_term_string}\"},\"query-input\":\"required name=search_term_string\"}],\"inLanguage\":\"cs\"},{\"@type\":[\"Person\",\"Organization\"],\"@id\":\"https:\/\/motoprotemplates.com\/#\/schema\/person\/89029608b69c685517442dbb10b20703\",\"name\":\"pjm\",\"image\":{\"@type\":\"ImageObject\",\"inLanguage\":\"cs\",\"@id\":\"https:\/\/motoprotemplates.com\/#\/schema\/person\/image\/\",\"url\":\"https:\/\/motoprotemplates.com\/wp-content\/uploads\/2023\/07\/cropped-logoMrTemplates-2.png\",\"contentUrl\":\"https:\/\/motoprotemplates.com\/wp-content\/uploads\/2023\/07\/cropped-logoMrTemplates-2.png\",\"width\":3006,\"height\":3006,\"caption\":\"pjm\"},\"logo\":{\"@id\":\"https:\/\/motoprotemplates.com\/#\/schema\/person\/image\/\"}}]}<\/script>\n<!-- \/ Yoast SEO Premium plugin. -->","yoast_head_json":{"title":"Privacy Policy - Motorcycle Templates MotoProTemplates","robots":{"index":"index","follow":"follow","max-snippet":"max-snippet:-1","max-image-preview":"max-image-preview:large","max-video-preview":"max-video-preview:-1"},"canonical":"https:\/\/motoprotemplates.com\/cs\/privacy-policy-2\/","og_locale":"cs_CZ","og_type":"article","og_title":"Privacy Policy","og_description":"Who we are Our website address is: https:\/\/motoprotemplates.com. Cookies If you visit our login page, we will set a temporary cookie to determine if your browser accepts cookies. This cookie contains no personal data and is discarded when you close your browser. When you log in, we will also set up several cookies to save &hellip; Privacy Policy Pokra\u010dovat ve \u010dten\u00ed &raquo;","og_url":"https:\/\/motoprotemplates.com\/cs\/privacy-policy-2\/","og_site_name":"Motorcycle Templates","twitter_card":"summary_large_image","twitter_misc":{"Odhadovan\u00e1 doba \u010dten\u00ed":"2 minuty"},"schema":{"@context":"https:\/\/schema.org","@graph":[{"@type":"WebPage","@id":"https:\/\/motoprotemplates.com\/privacy-policy-2\/","url":"https:\/\/motoprotemplates.com\/privacy-policy-2\/","name":"Privacy Policy - Motorcycle Templates MotoProTemplates","isPartOf":{"@id":"https:\/\/motoprotemplates.com\/#website"},"datePublished":"2023-08-12T09:55:19+00:00","dateModified":"2023-08-12T09:55:19+00:00","breadcrumb":{"@id":"https:\/\/motoprotemplates.com\/privacy-policy-2\/#breadcrumb"},"inLanguage":"cs","potentialAction":[{"@type":"ReadAction","target":["https:\/\/motoprotemplates.com\/privacy-policy-2\/"]}]},{"@type":"BreadcrumbList","@id":"https:\/\/motoprotemplates.com\/privacy-policy-2\/#breadcrumb","itemListElement":[{"@type":"ListItem","position":1,"name":"Home","item":"https:\/\/motoprotemplates.com\/de\/"},{"@type":"ListItem","position":2,"name":"Privacy Policy"}]},{"@type":"WebSite","@id":"https:\/\/motoprotemplates.com\/#website","url":"https:\/\/motoprotemplates.com\/","name":"motoprotemplates","description":"digital files motorcycle templates and t shirt designs download","publisher":{"@id":"https:\/\/motoprotemplates.com\/#\/schema\/person\/89029608b69c685517442dbb10b20703"},"potentialAction":[{"@type":"SearchAction","target":{"@type":"EntryPoint","urlTemplate":"https:\/\/motoprotemplates.com\/?s={search_term_string}"},"query-input":"required name=search_term_string"}],"inLanguage":"cs"},{"@type":["Person","Organization"],"@id":"https:\/\/motoprotemplates.com\/#\/schema\/person\/89029608b69c685517442dbb10b20703","name":"pjm","image":{"@type":"ImageObject","inLanguage":"cs","@id":"https:\/\/motoprotemplates.com\/#\/schema\/person\/image\/","url":"https:\/\/motoprotemplates.com\/wp-content\/uploads\/2023\/07\/cropped-logoMrTemplates-2.png","contentUrl":"https:\/\/motoprotemplates.com\/wp-content\/uploads\/2023\/07\/cropped-logoMrTemplates-2.png","width":3006,"height":3006,"caption":"pjm"},"logo":{"@id":"https:\/\/motoprotemplates.com\/#\/schema\/person\/image\/"}}]}},"_links":{"self":[{"href":"https:\/\/motoprotemplates.com\/cs\/wp-json\/wp\/v2\/pages\/2428","targetHints":{"allow":["GET"]}}],"collection":[{"href":"https:\/\/motoprotemplates.com\/cs\/wp-json\/wp\/v2\/pages"}],"about":[{"href":"https:\/\/motoprotemplates.com\/cs\/wp-json\/wp\/v2\/types\/page"}],"author":[{"embeddable":true,"href":"https:\/\/motoprotemplates.com\/cs\/wp-json\/wp\/v2\/users\/1"}],"replies":[{"embeddable":true,"href":"https:\/\/motoprotemplates.com\/cs\/wp-json\/wp\/v2\/comments?post=2428"}],"version-history":[{"count":0,"href":"https:\/\/motoprotemplates.com\/cs\/wp-json\/wp\/v2\/pages\/2428\/revisions"}],"wp:attachment":[{"href":"https:\/\/motoprotemplates.com\/cs\/wp-json\/wp\/v2\/media?parent=2428"}],"curies":[{"name":"wp","href":"https:\/\/api.w.org\/{rel}","templated":true}]}}