{"id":2428,"date":"2023-08-12T02:55:19","date_gmt":"2023-08-12T09:55:19","guid":{"rendered":"https:\/\/motoprotemplates.com\/?page_id=2428"},"modified":"2023-08-12T02:55:19","modified_gmt":"2023-08-12T09:55:19","slug":"privacy-policy-2","status":"publish","type":"page","link":"https:\/\/motoprotemplates.com\/da\/privacy-policy-2\/","title":{"rendered":"Privatlivspolitik"},"content":{"rendered":"<h2 class=\"wp-block-heading\">Hvem er vi?<\/h2>\r\n\r\n\r\n\r\n<p>Vores hjemmesideadresse er: https:\/\/motoprotemplates.com.<\/p>\r\n\r\n\r\n\r\n\r\n\r\n\r\n\r\n<h2 class=\"wp-block-heading\">Sm\u00e5kager<\/h2>\r\n\r\n\r\n\r\n\r\n\r\n<p>Hvis du bes\u00f8ger vores login-side, s\u00e6tter vi en midlertidig cookie for at afg\u00f8re, om din browser accepterer cookies. Denne cookie indeholder ingen personlige data og kasseres, n\u00e5r du lukker din browser.<\/p>\r\n\r\n\r\n\r\n<p>N\u00e5r du logger ind, opretter vi ogs\u00e5 flere cookies for at gemme dine loginoplysninger og dine sk\u00e6rmvisningsvalg. Login-cookies holder i to dage, og cookies til sk\u00e6rmvalg holder i et \u00e5r. Hvis du v\u00e6lger \"Husk mig\", vil dit login blive gemt i to uger. Hvis du logger ud af din konto, vil login-cookies blive fjernet.<\/p>\r\n\r\n\r\n\r\n<p>Hvis du redigerer eller udgiver en artikel, gemmes der en ekstra cookie i din browser. Denne cookie indeholder ingen personlige data og angiver blot post-ID for den artikel, du lige har redigeret. Den udl\u00f8ber efter 1 dag.<\/p>\r\n\r\n\r\n\r\n\r\n\r\n<h2 class=\"wp-block-heading\">Hvem deler vi dine data med?<\/h2>\r\n<p>Vi s\u00e6lger ikke og vil ikke s\u00e6lge nogen af dine personlige data til nogen tredjepart. Det er vigtigt for os at sikre, at vi bevarer den tillid, du har til os, og for at bevare fortroligheden af dine data.<\/p>\r\n\r\n\r\n\r\n<p>Hvis du anmoder om en nulstilling af adgangskoden, vil din IP-adresse blive inkluderet i nulstillingsmailen.<\/p>\r\n\r\n\r\n\r\n<h2 class=\"wp-block-heading\">Hvor l\u00e6nge vi opbevarer dine data<\/h2>\r\n\r\n\r\n\r\n\r\n\r\n<p>For brugere, der registrerer sig p\u00e5 vores hjemmeside (hvis nogen), gemmer vi ogs\u00e5 de personlige oplysninger, de giver i deres brugerprofil. Alle brugere kan til enhver tid se, redigere eller slette deres personlige oplysninger (bortset fra at de ikke kan \u00e6ndre deres brugernavn). Webstedsadministratorer kan ogs\u00e5 se og redigere disse oplysninger.<\/p>\r\n\r\n\r\n\r\n<h2 class=\"wp-block-heading\">Hvilke rettigheder du har over dine data<\/h2>\r\n\r\n\r\n\r\n<p>Hvis du har en konto p\u00e5 dette websted eller har skrevet kommentarer, kan du anmode om at modtage en eksporteret fil med de persondata, vi har om dig, herunder de data, du har givet os. Du kan ogs\u00e5 anmode om, at vi sletter alle personlige data, vi har om dig. Dette omfatter ikke data, som vi er forpligtet til at opbevare af administrative, juridiske eller sikkerhedsm\u00e6ssige \u00e5rsager.<\/p>\r\n\r\n\r\n\r\n<h2 class=\"wp-block-heading\">Hvor dine data bliver sendt hen<\/h2>\r\n<p>Vi s\u00e6lger ikke og vil ikke s\u00e6lge nogen af dine personlige data til nogen tredjepart. Det er vigtigt for os at sikre, at vi bevarer den tillid, du har til os, og for at bevare fortroligheden af dine data.<\/p>\r\n\r\n\r\n\r\n<p>Fra tid til anden kan vi dog v\u00e6re n\u00f8dt til at dele dine personlige data med tjenesteudbydere, s\u00e5som marketingbureauer, annonc\u00f8rer, rekrutteringsbureauer, webstedsv\u00e6rter og andre teknologileverand\u00f8rer, der hj\u00e6lper os med at administrere og lette vores drift og levere vigtige tjenester til vores f\u00e6llesskab og kunder.<\/p>\r\n<p>Disse tredjepartstjenesteudbydere har ikke tilladelse til at bruge eller videregive dine personlige data, medmindre det er n\u00f8dvendigt for at udf\u00f8re tjenester p\u00e5 vores vegne eller for at overholde lovkrav.<\/p>","protected":false},"excerpt":{"rendered":"<p>Who we are Our website address is: https:\/\/motoprotemplates.com. Cookies If you visit our login page, we will set a temporary cookie to determine if your browser accepts cookies. This cookie contains no personal data and is discarded when you close your browser. When you log in, we will also set up several cookies to save &hellip;<\/p>\n<p class=\"read-more\"> <a class=\"\" href=\"https:\/\/motoprotemplates.com\/da\/privacy-policy-2\/\"> <span class=\"screen-reader-text\">Privatlivspolitik<\/span> L\u00e6s mere \"<\/a><\/p>","protected":false},"author":1,"featured_media":0,"parent":0,"menu_order":0,"comment_status":"closed","ping_status":"closed","template":"","meta":{"_monsterinsights_skip_tracking":false,"_monsterinsights_sitenote_active":false,"_monsterinsights_sitenote_note":"","_monsterinsights_sitenote_category":0,"site-sidebar-layout":"default","site-content-layout":"default","ast-global-header-display":"","ast-banner-title-visibility":"","ast-main-header-display":"","ast-hfb-above-header-display":"","ast-hfb-below-header-display":"","ast-hfb-mobile-header-display":"","site-post-title":"","ast-breadcrumbs-content":"","ast-featured-img":"","footer-sml-layout":"","theme-transparent-header-meta":"default","adv-header-id-meta":"","stick-header-meta":"","header-above-stick-meta":"","header-main-stick-meta":"","header-below-stick-meta":"","footnotes":""},"class_list":["post-2428","page","type-page","status-publish","hentry"],"yoast_head":"<!-- This site is optimized with the Yoast SEO Premium plugin v20.11 (Yoast SEO v21.3) - https:\/\/yoast.com\/wordpress\/plugins\/seo\/ -->\n<title>Privacy Policy - Motorcycle Templates MotoProTemplates<\/title>\n<meta name=\"robots\" content=\"index, follow, max-snippet:-1, max-image-preview:large, max-video-preview:-1\" \/>\n<link rel=\"canonical\" href=\"https:\/\/motoprotemplates.com\/da\/privacy-policy-2\/\" \/>\n<meta property=\"og:locale\" content=\"da_DK\" \/>\n<meta property=\"og:type\" content=\"article\" \/>\n<meta property=\"og:title\" content=\"Privacy Policy\" \/>\n<meta property=\"og:description\" content=\"Who we are Our website address is: https:\/\/motoprotemplates.com. Cookies If you visit our login page, we will set a temporary cookie to determine if your browser accepts cookies. This cookie contains no personal data and is discarded when you close your browser. When you log in, we will also set up several cookies to save &hellip; Privacy Policy L\u00e6s mere &raquo;\" \/>\n<meta property=\"og:url\" content=\"https:\/\/motoprotemplates.com\/da\/privacy-policy-2\/\" \/>\n<meta property=\"og:site_name\" content=\"Motorcycle Templates\" \/>\n<meta name=\"twitter:card\" content=\"summary_large_image\" \/>\n<meta name=\"twitter:label1\" content=\"Estimeret l\u00e6setid\" \/>\n\t<meta name=\"twitter:data1\" content=\"2 minutter\" \/>\n<script type=\"application\/ld+json\" class=\"yoast-schema-graph\">{\"@context\":\"https:\/\/schema.org\",\"@graph\":[{\"@type\":\"WebPage\",\"@id\":\"https:\/\/motoprotemplates.com\/privacy-policy-2\/\",\"url\":\"https:\/\/motoprotemplates.com\/privacy-policy-2\/\",\"name\":\"Privacy Policy - Motorcycle Templates MotoProTemplates\",\"isPartOf\":{\"@id\":\"https:\/\/motoprotemplates.com\/#website\"},\"datePublished\":\"2023-08-12T09:55:19+00:00\",\"dateModified\":\"2023-08-12T09:55:19+00:00\",\"breadcrumb\":{\"@id\":\"https:\/\/motoprotemplates.com\/privacy-policy-2\/#breadcrumb\"},\"inLanguage\":\"da-DK\",\"potentialAction\":[{\"@type\":\"ReadAction\",\"target\":[\"https:\/\/motoprotemplates.com\/privacy-policy-2\/\"]}]},{\"@type\":\"BreadcrumbList\",\"@id\":\"https:\/\/motoprotemplates.com\/privacy-policy-2\/#breadcrumb\",\"itemListElement\":[{\"@type\":\"ListItem\",\"position\":1,\"name\":\"Home\",\"item\":\"https:\/\/motoprotemplates.com\/de\/\"},{\"@type\":\"ListItem\",\"position\":2,\"name\":\"Privacy Policy\"}]},{\"@type\":\"WebSite\",\"@id\":\"https:\/\/motoprotemplates.com\/#website\",\"url\":\"https:\/\/motoprotemplates.com\/\",\"name\":\"motoprotemplates\",\"description\":\"digital files motorcycle templates and t shirt designs download\",\"publisher\":{\"@id\":\"https:\/\/motoprotemplates.com\/#\/schema\/person\/89029608b69c685517442dbb10b20703\"},\"potentialAction\":[{\"@type\":\"SearchAction\",\"target\":{\"@type\":\"EntryPoint\",\"urlTemplate\":\"https:\/\/motoprotemplates.com\/?s={search_term_string}\"},\"query-input\":\"required name=search_term_string\"}],\"inLanguage\":\"da-DK\"},{\"@type\":[\"Person\",\"Organization\"],\"@id\":\"https:\/\/motoprotemplates.com\/#\/schema\/person\/89029608b69c685517442dbb10b20703\",\"name\":\"pjm\",\"image\":{\"@type\":\"ImageObject\",\"inLanguage\":\"da-DK\",\"@id\":\"https:\/\/motoprotemplates.com\/#\/schema\/person\/image\/\",\"url\":\"https:\/\/motoprotemplates.com\/wp-content\/uploads\/2023\/07\/cropped-logoMrTemplates-2.png\",\"contentUrl\":\"https:\/\/motoprotemplates.com\/wp-content\/uploads\/2023\/07\/cropped-logoMrTemplates-2.png\",\"width\":3006,\"height\":3006,\"caption\":\"pjm\"},\"logo\":{\"@id\":\"https:\/\/motoprotemplates.com\/#\/schema\/person\/image\/\"}}]}<\/script>\n<!-- \/ Yoast SEO Premium plugin. -->","yoast_head_json":{"title":"Privacy Policy - Motorcycle Templates MotoProTemplates","robots":{"index":"index","follow":"follow","max-snippet":"max-snippet:-1","max-image-preview":"max-image-preview:large","max-video-preview":"max-video-preview:-1"},"canonical":"https:\/\/motoprotemplates.com\/da\/privacy-policy-2\/","og_locale":"da_DK","og_type":"article","og_title":"Privacy Policy","og_description":"Who we are Our website address is: https:\/\/motoprotemplates.com. Cookies If you visit our login page, we will set a temporary cookie to determine if your browser accepts cookies. This cookie contains no personal data and is discarded when you close your browser. When you log in, we will also set up several cookies to save &hellip; Privacy Policy L\u00e6s mere &raquo;","og_url":"https:\/\/motoprotemplates.com\/da\/privacy-policy-2\/","og_site_name":"Motorcycle Templates","twitter_card":"summary_large_image","twitter_misc":{"Estimeret l\u00e6setid":"2 minutter"},"schema":{"@context":"https:\/\/schema.org","@graph":[{"@type":"WebPage","@id":"https:\/\/motoprotemplates.com\/privacy-policy-2\/","url":"https:\/\/motoprotemplates.com\/privacy-policy-2\/","name":"Privacy Policy - Motorcycle Templates MotoProTemplates","isPartOf":{"@id":"https:\/\/motoprotemplates.com\/#website"},"datePublished":"2023-08-12T09:55:19+00:00","dateModified":"2023-08-12T09:55:19+00:00","breadcrumb":{"@id":"https:\/\/motoprotemplates.com\/privacy-policy-2\/#breadcrumb"},"inLanguage":"da-DK","potentialAction":[{"@type":"ReadAction","target":["https:\/\/motoprotemplates.com\/privacy-policy-2\/"]}]},{"@type":"BreadcrumbList","@id":"https:\/\/motoprotemplates.com\/privacy-policy-2\/#breadcrumb","itemListElement":[{"@type":"ListItem","position":1,"name":"Home","item":"https:\/\/motoprotemplates.com\/de\/"},{"@type":"ListItem","position":2,"name":"Privacy Policy"}]},{"@type":"WebSite","@id":"https:\/\/motoprotemplates.com\/#website","url":"https:\/\/motoprotemplates.com\/","name":"motoprotemplates","description":"digital files motorcycle templates and t shirt designs download","publisher":{"@id":"https:\/\/motoprotemplates.com\/#\/schema\/person\/89029608b69c685517442dbb10b20703"},"potentialAction":[{"@type":"SearchAction","target":{"@type":"EntryPoint","urlTemplate":"https:\/\/motoprotemplates.com\/?s={search_term_string}"},"query-input":"required name=search_term_string"}],"inLanguage":"da-DK"},{"@type":["Person","Organization"],"@id":"https:\/\/motoprotemplates.com\/#\/schema\/person\/89029608b69c685517442dbb10b20703","name":"pjm","image":{"@type":"ImageObject","inLanguage":"da-DK","@id":"https:\/\/motoprotemplates.com\/#\/schema\/person\/image\/","url":"https:\/\/motoprotemplates.com\/wp-content\/uploads\/2023\/07\/cropped-logoMrTemplates-2.png","contentUrl":"https:\/\/motoprotemplates.com\/wp-content\/uploads\/2023\/07\/cropped-logoMrTemplates-2.png","width":3006,"height":3006,"caption":"pjm"},"logo":{"@id":"https:\/\/motoprotemplates.com\/#\/schema\/person\/image\/"}}]}},"_links":{"self":[{"href":"https:\/\/motoprotemplates.com\/da\/wp-json\/wp\/v2\/pages\/2428","targetHints":{"allow":["GET"]}}],"collection":[{"href":"https:\/\/motoprotemplates.com\/da\/wp-json\/wp\/v2\/pages"}],"about":[{"href":"https:\/\/motoprotemplates.com\/da\/wp-json\/wp\/v2\/types\/page"}],"author":[{"embeddable":true,"href":"https:\/\/motoprotemplates.com\/da\/wp-json\/wp\/v2\/users\/1"}],"replies":[{"embeddable":true,"href":"https:\/\/motoprotemplates.com\/da\/wp-json\/wp\/v2\/comments?post=2428"}],"version-history":[{"count":0,"href":"https:\/\/motoprotemplates.com\/da\/wp-json\/wp\/v2\/pages\/2428\/revisions"}],"wp:attachment":[{"href":"https:\/\/motoprotemplates.com\/da\/wp-json\/wp\/v2\/media?parent=2428"}],"curies":[{"name":"wp","href":"https:\/\/api.w.org\/{rel}","templated":true}]}}