{"id":645,"date":"2022-11-18T01:55:03","date_gmt":"2022-11-18T01:55:03","guid":{"rendered":"http:\/\/motoprotemplates.com\/about"},"modified":"2023-07-31T22:00:12","modified_gmt":"2023-08-01T05:00:12","slug":"about","status":"publish","type":"page","link":"https:\/\/motoprotemplates.com\/de\/um\/","title":{"rendered":"\u00dcber"},"content":{"rendered":"<div data-elementor-type=\"wp-page\" data-elementor-id=\"645\" class=\"elementor elementor-645\">\n\t\t\t\t\t\t\t\t\t<section class=\"elementor-section elementor-top-section elementor-element elementor-element-06c8a06 elementor-section-boxed elementor-section-height-default elementor-section-height-default\" data-id=\"06c8a06\" data-element_type=\"section\">\n\t\t\t\t\t\t<div class=\"elementor-container elementor-column-gap-no\">\n\t\t\t\t\t<div class=\"elementor-column elementor-col-100 elementor-top-column elementor-element elementor-element-6f1dc29\" data-id=\"6f1dc29\" data-element_type=\"column\">\n\t\t\t<div class=\"elementor-widget-wrap elementor-element-populated\">\n\t\t\t\t\t\t\t\t<div class=\"elementor-element elementor-element-c300f37 elementor-widget__width-initial elementor-widget elementor-widget-heading\" data-id=\"c300f37\" data-element_type=\"widget\" data-widget_type=\"heading.default\">\n\t\t\t\t<div class=\"elementor-widget-container\">\n\t\t\t<style>\/*! elementor - v3.15.0 - 09-08-2023 *\/\n.elementor-heading-title{padding:0;margin:0;line-height:1}.elementor-widget-heading .elementor-heading-title[class*=elementor-size-]>a{color:inherit;font-size:inherit;line-height:inherit}.elementor-widget-heading .elementor-heading-title.elementor-size-small{font-size:15px}.elementor-widget-heading .elementor-heading-title.elementor-size-medium{font-size:19px}.elementor-widget-heading .elementor-heading-title.elementor-size-large{font-size:29px}.elementor-widget-heading .elementor-heading-title.elementor-size-xl{font-size:39px}.elementor-widget-heading .elementor-heading-title.elementor-size-xxl{font-size:59px}<\/style><h3 class=\"elementor-heading-title elementor-size-default\">Ich habe nicht nur Vorlagen verkauft, ich habe sie auch erstellt!<\/h3>\t\t<\/div>\n\t\t\t\t<\/div>\n\t\t\t\t\t<\/div>\n\t\t<\/div>\n\t\t\t\t\t\t\t<\/div>\n\t\t<\/section>\n\t\t\t\t<section class=\"elementor-section elementor-top-section elementor-element elementor-element-ff96dd3 elementor-reverse-mobile elementor-section-boxed elementor-section-height-default elementor-section-height-default\" data-id=\"ff96dd3\" data-element_type=\"section\" data-settings=\"{&quot;background_background&quot;:&quot;classic&quot;}\">\n\t\t\t\t\t\t<div class=\"elementor-container elementor-column-gap-no\">\n\t\t\t\t\t<div class=\"elementor-column elementor-col-100 elementor-top-column elementor-element elementor-element-036dea5\" data-id=\"036dea5\" data-element_type=\"column\">\n\t\t\t<div class=\"elementor-widget-wrap elementor-element-populated\">\n\t\t\t\t\t\t\t\t<section class=\"elementor-section elementor-inner-section elementor-element elementor-element-a698d97 elementor-section-boxed elementor-section-height-default elementor-section-height-default\" data-id=\"a698d97\" data-element_type=\"section\">\n\t\t\t\t\t\t<div class=\"elementor-container elementor-column-gap-no\">\n\t\t\t\t\t<div class=\"elementor-column elementor-col-50 elementor-inner-column elementor-element elementor-element-7a08c3a\" data-id=\"7a08c3a\" data-element_type=\"column\">\n\t\t\t<div class=\"elementor-widget-wrap elementor-element-populated\">\n\t\t\t\t\t\t\t\t<div class=\"elementor-element elementor-element-872fe87 elementor-widget elementor-widget-heading\" data-id=\"872fe87\" data-element_type=\"widget\" data-widget_type=\"heading.default\">\n\t\t\t\t<div class=\"elementor-widget-container\">\n\t\t\t<h2 class=\"elementor-heading-title elementor-size-default\">Hallo!<br> Ich hei\u00dfe Christian!<\/h2>\t\t<\/div>\n\t\t\t\t<\/div>\n\t\t\t\t<div class=\"elementor-element elementor-element-070e77f elementor-widget elementor-widget-text-editor\" data-id=\"070e77f\" data-element_type=\"widget\" data-widget_type=\"text-editor.default\">\n\t\t\t\t<div class=\"elementor-widget-container\">\n\t\t\t<style>\/*! elementor - v3.15.0 - 09-08-2023 *\/\n.elementor-widget-text-editor.elementor-drop-cap-view-stacked .elementor-drop-cap{background-color:#69727d;color:#fff}.elementor-widget-text-editor.elementor-drop-cap-view-framed .elementor-drop-cap{color:#69727d;border:3px solid;background-color:transparent}.elementor-widget-text-editor:not(.elementor-drop-cap-view-default) .elementor-drop-cap{margin-top:8px}.elementor-widget-text-editor:not(.elementor-drop-cap-view-default) .elementor-drop-cap-letter{width:1em;height:1em}.elementor-widget-text-editor .elementor-drop-cap{float:left;text-align:center;line-height:1;font-size:50px}.elementor-widget-text-editor .elementor-drop-cap-letter{display:inline-block}<\/style>\t\t\t\t<p style=\"font-size: 16px; font-style: normal; font-weight: 400; font-family: Roboto, sans-serif; letter-spacing: -0.3px; background-color: #ffffff;\"><span style=\"font-weight: bold;\"><img loading=\"lazy\" decoding=\"async\" class=\"\" role=\"img\" draggable=\"false\" src=\"https:\/\/s.w.org\/images\/core\/emoji\/14.0.0\/svg\/1f64b-200d-2642-fe0f.svg\" alt=\"\ud83d\ude4b\u200d\u2642\ufe0f\" width=\"25\" height=\"25\" \/><\/span>\u00a0 Ich bin seit 2015 in der Grafik-Kits-Branche t\u00e4tig und entwerfe und erstelle die Vorlagen selbst f\u00fcr Motorr\u00e4der, Gel\u00e4ndefahrzeuge und viele andere Bereiche.<\/p><p style=\"font-size: 16px; font-style: normal; font-weight: 400; font-family: Roboto, sans-serif; letter-spacing: -0.3px; background-color: #ffffff;\"><img loading=\"lazy\" decoding=\"async\" class=\"\" role=\"img\" draggable=\"false\" src=\"https:\/\/s.w.org\/images\/core\/emoji\/14.0.0\/svg\/1f4a1.svg\" alt=\"\ud83d\udca1\" width=\"25\" height=\"25\" \/> Die Idee, Mr. Templates zu erstellen, ist entstanden, um kleinen und gro\u00dfen Grafikunternehmen dabei zu helfen, ihr Gesch\u00e4ft auszubauen, indem sie Grafikressourcen bereitstellen, die Ihren Bestand an druckfertigen Vorlagen und Designs zu einem sehr vern\u00fcnftigen Preis erweitern.<\/p><p style=\"font-size: 16px; font-style: normal; font-weight: 400; font-family: Roboto, sans-serif; letter-spacing: -0.3px; background-color: #ffffff;\">\ud83d\udc68\u200d\ud83d\udcbb Ich arbeite jeden Tag daran, Designs und Vorlagen hochzuladen, also behalten Sie unsere Website im Auge!\u00a0<img loading=\"lazy\" decoding=\"async\" class=\"\" role=\"img\" draggable=\"false\" src=\"https:\/\/s.w.org\/images\/core\/emoji\/14.0.0\/svg\/2764.svg\" alt=\"\u2764\ufe0f\" width=\"25\" height=\"25\" \/><\/p>\t\t\t\t\t\t<\/div>\n\t\t\t\t<\/div>\n\t\t\t\t\t<\/div>\n\t\t<\/div>\n\t\t\t\t<div class=\"elementor-column elementor-col-50 elementor-inner-column elementor-element elementor-element-a173023\" data-id=\"a173023\" data-element_type=\"column\">\n\t\t\t<div class=\"elementor-widget-wrap elementor-element-populated\">\n\t\t\t\t\t\t\t\t<div class=\"elementor-element elementor-element-8f21328 elementor-invisible elementor-widget elementor-widget-image\" data-id=\"8f21328\" data-element_type=\"widget\" data-settings=\"{&quot;_animation&quot;:&quot;fadeInUp&quot;}\" data-widget_type=\"image.default\">\n\t\t\t\t<div class=\"elementor-widget-container\">\n\t\t\t<style>\/*! elementor - v3.15.0 - 09-08-2023 *\/\n.elementor-widget-image{text-align:center}.elementor-widget-image a{display:inline-block}.elementor-widget-image a img[src$=\".svg\"]{width:48px}.elementor-widget-image img{vertical-align:middle;display:inline-block}<\/style>\t\t\t\t\t\t\t\t\t\t\t\t<img loading=\"lazy\" decoding=\"async\" width=\"1080\" height=\"810\" src=\"https:\/\/motoprotemplates.com\/wp-content\/uploads\/2023\/07\/sito_jz_20180704_p_1816216774480625918_1_1816216774480625918.jpg\" class=\"attachment-full size-full wp-image-1376\" alt=\"\" srcset=\"https:\/\/motoprotemplates.com\/wp-content\/uploads\/2023\/07\/sito_jz_20180704_p_1816216774480625918_1_1816216774480625918.jpg 1080w, https:\/\/motoprotemplates.com\/wp-content\/uploads\/2023\/07\/sito_jz_20180704_p_1816216774480625918_1_1816216774480625918-600x450.jpg 600w, https:\/\/motoprotemplates.com\/wp-content\/uploads\/2023\/07\/sito_jz_20180704_p_1816216774480625918_1_1816216774480625918-300x225.jpg 300w, https:\/\/motoprotemplates.com\/wp-content\/uploads\/2023\/07\/sito_jz_20180704_p_1816216774480625918_1_1816216774480625918-1024x768.jpg 1024w, https:\/\/motoprotemplates.com\/wp-content\/uploads\/2023\/07\/sito_jz_20180704_p_1816216774480625918_1_1816216774480625918-768x576.jpg 768w\" sizes=\"auto, (max-width: 1080px) 100vw, 1080px\" \/>\t\t\t\t\t\t\t\t\t\t\t\t\t\t\t<\/div>\n\t\t\t\t<\/div>\n\t\t\t\t\t<\/div>\n\t\t<\/div>\n\t\t\t\t\t\t\t<\/div>\n\t\t<\/section>\n\t\t\t\t\t<\/div>\n\t\t<\/div>\n\t\t\t\t\t\t\t<\/div>\n\t\t<\/section>\n\t\t\t\t<section class=\"elementor-section elementor-top-section elementor-element elementor-element-b4ccd77 elementor-section-boxed elementor-section-height-default elementor-section-height-default\" data-id=\"b4ccd77\" data-element_type=\"section\">\n\t\t\t\t\t\t<div class=\"elementor-container elementor-column-gap-default\">\n\t\t\t\t\t<div class=\"elementor-column elementor-col-100 elementor-top-column elementor-element elementor-element-0a52bcd\" data-id=\"0a52bcd\" data-element_type=\"column\">\n\t\t\t<div class=\"elementor-widget-wrap elementor-element-populated\">\n\t\t\t\t\t\t\t\t<div class=\"elementor-element elementor-element-75cb836 elementor-widget elementor-widget-heading\" data-id=\"75cb836\" data-element_type=\"widget\" data-widget_type=\"heading.default\">\n\t\t\t\t<div class=\"elementor-widget-container\">\n\t\t\t<h2 class=\"elementor-heading-title elementor-size-default\">EINIGE MEINER WERKE<\/h2>\t\t<\/div>\n\t\t\t\t<\/div>\n\t\t\t\t\t<\/div>\n\t\t<\/div>\n\t\t\t\t\t\t\t<\/div>\n\t\t<\/section>\n\t\t\t\t<section class=\"elementor-section elementor-top-section elementor-element elementor-element-f489667 elementor-section-boxed elementor-section-height-default elementor-section-height-default\" data-id=\"f489667\" data-element_type=\"section\">\n\t\t\t\t\t\t<div class=\"elementor-container elementor-column-gap-default\">\n\t\t\t\t\t<div class=\"elementor-column elementor-col-20 elementor-top-column elementor-element elementor-element-d53327c\" data-id=\"d53327c\" data-element_type=\"column\">\n\t\t\t<div class=\"elementor-widget-wrap elementor-element-populated\">\n\t\t\t\t\t\t\t\t<div class=\"elementor-element elementor-element-2a7f31b elementor-widget elementor-widget-image\" data-id=\"2a7f31b\" data-element_type=\"widget\" data-widget_type=\"image.default\">\n\t\t\t\t<div class=\"elementor-widget-container\">\n\t\t\t\t\t\t\t\t\t\t\t\t\t\t\t<img loading=\"lazy\" decoding=\"async\" width=\"768\" height=\"1024\" src=\"https:\/\/motoprotemplates.com\/wp-content\/uploads\/2023\/07\/IMG-20200301-WA0021-768x1024.jpg\" class=\"attachment-large size-large wp-image-1925\" alt=\"\" srcset=\"https:\/\/motoprotemplates.com\/wp-content\/uploads\/2023\/07\/IMG-20200301-WA0021-768x1024.jpg 768w, https:\/\/motoprotemplates.com\/wp-content\/uploads\/2023\/07\/IMG-20200301-WA0021-225x300.jpg 225w, https:\/\/motoprotemplates.com\/wp-content\/uploads\/2023\/07\/IMG-20200301-WA0021-1152x1536.jpg 1152w, https:\/\/motoprotemplates.com\/wp-content\/uploads\/2023\/07\/IMG-20200301-WA0021.jpg 1200w\" sizes=\"auto, (max-width: 768px) 100vw, 768px\" \/>\t\t\t\t\t\t\t\t\t\t\t\t\t\t\t<\/div>\n\t\t\t\t<\/div>\n\t\t\t\t\t<\/div>\n\t\t<\/div>\n\t\t\t\t<div class=\"elementor-column elementor-col-20 elementor-top-column elementor-element elementor-element-9ea692e\" data-id=\"9ea692e\" data-element_type=\"column\">\n\t\t\t<div class=\"elementor-widget-wrap elementor-element-populated\">\n\t\t\t\t\t\t\t\t<div class=\"elementor-element elementor-element-f25166e elementor-widget elementor-widget-image\" data-id=\"f25166e\" data-element_type=\"widget\" data-widget_type=\"image.default\">\n\t\t\t\t<div class=\"elementor-widget-container\">\n\t\t\t\t\t\t\t\t\t\t\t\t\t\t\t<img loading=\"lazy\" decoding=\"async\" width=\"768\" height=\"1024\" src=\"https:\/\/motoprotemplates.com\/wp-content\/uploads\/2023\/07\/IMG-20210226-WA0062-768x1024.jpg\" class=\"attachment-large size-large wp-image-1926\" alt=\"\" srcset=\"https:\/\/motoprotemplates.com\/wp-content\/uploads\/2023\/07\/IMG-20210226-WA0062-768x1024.jpg 768w, https:\/\/motoprotemplates.com\/wp-content\/uploads\/2023\/07\/IMG-20210226-WA0062-225x300.jpg 225w, https:\/\/motoprotemplates.com\/wp-content\/uploads\/2023\/07\/IMG-20210226-WA0062-1152x1536.jpg 1152w, https:\/\/motoprotemplates.com\/wp-content\/uploads\/2023\/07\/IMG-20210226-WA0062-1320x1760.jpg 1320w, https:\/\/motoprotemplates.com\/wp-content\/uploads\/2023\/07\/IMG-20210226-WA0062.jpg 1536w\" sizes=\"auto, (max-width: 768px) 100vw, 768px\" \/>\t\t\t\t\t\t\t\t\t\t\t\t\t\t\t<\/div>\n\t\t\t\t<\/div>\n\t\t\t\t\t<\/div>\n\t\t<\/div>\n\t\t\t\t<div class=\"elementor-column elementor-col-20 elementor-top-column elementor-element elementor-element-f9af579\" data-id=\"f9af579\" data-element_type=\"column\">\n\t\t\t<div class=\"elementor-widget-wrap elementor-element-populated\">\n\t\t\t\t\t\t\t\t<div class=\"elementor-element elementor-element-e72c346 elementor-widget elementor-widget-image\" data-id=\"e72c346\" data-element_type=\"widget\" data-widget_type=\"image.default\">\n\t\t\t\t<div class=\"elementor-widget-container\">\n\t\t\t\t\t\t\t\t\t\t\t\t\t\t\t<img loading=\"lazy\" decoding=\"async\" width=\"1024\" height=\"710\" src=\"https:\/\/motoprotemplates.com\/wp-content\/uploads\/2023\/07\/IMG_20201022_180231-1024x710.png\" class=\"attachment-large size-large wp-image-1928\" alt=\"\" srcset=\"https:\/\/motoprotemplates.com\/wp-content\/uploads\/2023\/07\/IMG_20201022_180231-1024x710.png 1024w, https:\/\/motoprotemplates.com\/wp-content\/uploads\/2023\/07\/IMG_20201022_180231-300x208.png 300w, https:\/\/motoprotemplates.com\/wp-content\/uploads\/2023\/07\/IMG_20201022_180231-768x533.png 768w, https:\/\/motoprotemplates.com\/wp-content\/uploads\/2023\/07\/IMG_20201022_180231.png 1080w\" sizes=\"auto, (max-width: 1024px) 100vw, 1024px\" \/>\t\t\t\t\t\t\t\t\t\t\t\t\t\t\t<\/div>\n\t\t\t\t<\/div>\n\t\t\t\t\t<\/div>\n\t\t<\/div>\n\t\t\t\t<div class=\"elementor-column elementor-col-20 elementor-top-column elementor-element elementor-element-ff96bdb\" data-id=\"ff96bdb\" data-element_type=\"column\">\n\t\t\t<div class=\"elementor-widget-wrap elementor-element-populated\">\n\t\t\t\t\t\t\t\t<div class=\"elementor-element elementor-element-92238b0 elementor-widget elementor-widget-image\" data-id=\"92238b0\" data-element_type=\"widget\" data-widget_type=\"image.default\">\n\t\t\t\t<div class=\"elementor-widget-container\">\n\t\t\t\t\t\t\t\t\t\t\t\t\t\t\t<img loading=\"lazy\" decoding=\"async\" width=\"819\" height=\"1024\" src=\"https:\/\/motoprotemplates.com\/wp-content\/uploads\/2023\/07\/mectsyy_20230429_p_3091545800650599994_1_3091545800650599994-819x1024.jpg\" class=\"attachment-large size-large wp-image-1927\" alt=\"\" srcset=\"https:\/\/motoprotemplates.com\/wp-content\/uploads\/2023\/07\/mectsyy_20230429_p_3091545800650599994_1_3091545800650599994-819x1024.jpg 819w, https:\/\/motoprotemplates.com\/wp-content\/uploads\/2023\/07\/mectsyy_20230429_p_3091545800650599994_1_3091545800650599994-240x300.jpg 240w, https:\/\/motoprotemplates.com\/wp-content\/uploads\/2023\/07\/mectsyy_20230429_p_3091545800650599994_1_3091545800650599994-768x960.jpg 768w, https:\/\/motoprotemplates.com\/wp-content\/uploads\/2023\/07\/mectsyy_20230429_p_3091545800650599994_1_3091545800650599994-1229x1536.jpg 1229w, https:\/\/motoprotemplates.com\/wp-content\/uploads\/2023\/07\/mectsyy_20230429_p_3091545800650599994_1_3091545800650599994-1320x1650.jpg 1320w, https:\/\/motoprotemplates.com\/wp-content\/uploads\/2023\/07\/mectsyy_20230429_p_3091545800650599994_1_3091545800650599994.jpg 1440w\" sizes=\"auto, (max-width: 819px) 100vw, 819px\" \/>\t\t\t\t\t\t\t\t\t\t\t\t\t\t\t<\/div>\n\t\t\t\t<\/div>\n\t\t\t\t\t<\/div>\n\t\t<\/div>\n\t\t\t\t<div class=\"elementor-column elementor-col-20 elementor-top-column elementor-element elementor-element-dcc7efc\" data-id=\"dcc7efc\" data-element_type=\"column\">\n\t\t\t<div class=\"elementor-widget-wrap elementor-element-populated\">\n\t\t\t\t\t\t\t\t<div class=\"elementor-element elementor-element-f39113f elementor-widget elementor-widget-image\" data-id=\"f39113f\" data-element_type=\"widget\" data-widget_type=\"image.default\">\n\t\t\t\t<div class=\"elementor-widget-container\">\n\t\t\t\t\t\t\t\t\t\t\t\t\t\t\t<img loading=\"lazy\" decoding=\"async\" width=\"1024\" height=\"684\" src=\"https:\/\/motoprotemplates.com\/wp-content\/uploads\/2023\/07\/b1e8fda41ac7f6f20ca69afb99180c10-1024x684.jpg\" class=\"attachment-large size-large wp-image-1929\" alt=\"\" srcset=\"https:\/\/motoprotemplates.com\/wp-content\/uploads\/2023\/07\/b1e8fda41ac7f6f20ca69afb99180c10-1024x684.jpg 1024w, https:\/\/motoprotemplates.com\/wp-content\/uploads\/2023\/07\/b1e8fda41ac7f6f20ca69afb99180c10-300x200.jpg 300w, https:\/\/motoprotemplates.com\/wp-content\/uploads\/2023\/07\/b1e8fda41ac7f6f20ca69afb99180c10-768x513.jpg 768w, https:\/\/motoprotemplates.com\/wp-content\/uploads\/2023\/07\/b1e8fda41ac7f6f20ca69afb99180c10.jpg 1027w\" sizes=\"auto, (max-width: 1024px) 100vw, 1024px\" \/>\t\t\t\t\t\t\t\t\t\t\t\t\t\t\t<\/div>\n\t\t\t\t<\/div>\n\t\t\t\t\t<\/div>\n\t\t<\/div>\n\t\t\t\t\t\t\t<\/div>\n\t\t<\/section>\n\t\t\t\t\t\t\t<\/div>","protected":false},"excerpt":{"rendered":"<p>Ich verkaufe nicht nur Vorlagen, ich habe sie gemacht! Hallo! Mein Name ist Christian!   Ich bin seit 2015 in der Grafik-Kit-Branche t\u00e4tig und entwerfe und erstelle selbst die Templates f\u00fcr Motorr\u00e4der, ATVs und viele andere Bereiche. Die Idee, Mr. Templates zu gr\u00fcnden, ist entstanden, um kleinen und gro\u00dfen Grafikfirmen zu helfen, ihr Gesch\u00e4ft zu vergr\u00f6\u00dfern, indem ich ...<\/p>\n<p class=\"read-more\"> <a class=\"\" href=\"https:\/\/motoprotemplates.com\/de\/um\/\"> <span class=\"screen-reader-text\">\u00dcber<\/span> Weiterlesen \"<\/a><\/p>","protected":false},"author":1,"featured_media":0,"parent":0,"menu_order":0,"comment_status":"closed","ping_status":"closed","template":"elementor_header_footer","meta":{"_monsterinsights_skip_tracking":false,"_monsterinsights_sitenote_active":false,"_monsterinsights_sitenote_note":"","_monsterinsights_sitenote_category":0,"site-sidebar-layout":"no-sidebar","site-content-layout":"page-builder","ast-global-header-display":"","ast-banner-title-visibility":"","ast-main-header-display":"","ast-hfb-above-header-display":"","ast-hfb-below-header-display":"","ast-hfb-mobile-header-display":"","site-post-title":"disabled","ast-breadcrumbs-content":"","ast-featured-img":"disabled","footer-sml-layout":"","theme-transparent-header-meta":"enabled","adv-header-id-meta":"","stick-header-meta":"","header-above-stick-meta":"","header-main-stick-meta":"","header-below-stick-meta":"","footnotes":""},"class_list":["post-645","page","type-page","status-publish","hentry"],"yoast_head":"<!-- This site is optimized with the Yoast SEO Premium plugin v20.11 (Yoast SEO v21.3) - https:\/\/yoast.com\/wordpress\/plugins\/seo\/ -->\n<title>About us | MR. TEMPLATES<\/title>\n<meta name=\"description\" content=\"I\u2019ve been in the Motorcycle graphics kits industry since 2015 designing &amp; creating the templates for mx, road, atv\u2019s, and many other areas\" \/>\n<meta name=\"robots\" content=\"index, follow, max-snippet:-1, max-image-preview:large, max-video-preview:-1\" \/>\n<link rel=\"canonical\" href=\"https:\/\/motoprotemplates.com\/de\/um\/\" \/>\n<meta property=\"og:locale\" content=\"de_DE\" \/>\n<meta property=\"og:type\" content=\"article\" \/>\n<meta property=\"og:title\" content=\"About\" \/>\n<meta property=\"og:description\" content=\"I\u2019ve been in the Motorcycle graphics kits industry since 2015 designing &amp; creating the templates for mx, road, atv\u2019s, and many other areas\" \/>\n<meta property=\"og:url\" content=\"https:\/\/motoprotemplates.com\/de\/um\/\" \/>\n<meta property=\"og:site_name\" content=\"Motorcycle Templates\" \/>\n<meta property=\"article:modified_time\" content=\"2023-08-01T05:00:12+00:00\" \/>\n<meta property=\"og:image\" content=\"https:\/\/s.w.org\/images\/core\/emoji\/14.0.0\/svg\/1f64b-200d-2642-fe0f.svg\" \/>\n<meta name=\"twitter:card\" content=\"summary_large_image\" \/>\n<meta name=\"twitter:label1\" content=\"Gesch\u00e4tzte Lesezeit\" \/>\n\t<meta name=\"twitter:data1\" content=\"3\u00a0Minuten\" \/>\n<script type=\"application\/ld+json\" class=\"yoast-schema-graph\">{\"@context\":\"https:\/\/schema.org\",\"@graph\":[{\"@type\":\"WebPage\",\"@id\":\"https:\/\/motoprotemplates.com\/about\/\",\"url\":\"https:\/\/motoprotemplates.com\/about\/\",\"name\":\"About us | MR. TEMPLATES\",\"isPartOf\":{\"@id\":\"https:\/\/motoprotemplates.com\/#website\"},\"datePublished\":\"2022-11-18T01:55:03+00:00\",\"dateModified\":\"2023-08-01T05:00:12+00:00\",\"description\":\"I\u2019ve been in the Motorcycle graphics kits industry since 2015 designing & creating the templates for mx, road, atv\u2019s, and many other areas\",\"breadcrumb\":{\"@id\":\"https:\/\/motoprotemplates.com\/about\/#breadcrumb\"},\"inLanguage\":\"de\",\"potentialAction\":[{\"@type\":\"ReadAction\",\"target\":[\"https:\/\/motoprotemplates.com\/about\/\"]}]},{\"@type\":\"BreadcrumbList\",\"@id\":\"https:\/\/motoprotemplates.com\/about\/#breadcrumb\",\"itemListElement\":[{\"@type\":\"ListItem\",\"position\":1,\"name\":\"Home\",\"item\":\"https:\/\/motoprotemplates.com\/de\/\"},{\"@type\":\"ListItem\",\"position\":2,\"name\":\"About\"}]},{\"@type\":\"WebSite\",\"@id\":\"https:\/\/motoprotemplates.com\/#website\",\"url\":\"https:\/\/motoprotemplates.com\/\",\"name\":\"motoprotemplates\",\"description\":\"digital files motorcycle templates and t shirt designs download\",\"publisher\":{\"@id\":\"https:\/\/motoprotemplates.com\/#\/schema\/person\/89029608b69c685517442dbb10b20703\"},\"potentialAction\":[{\"@type\":\"SearchAction\",\"target\":{\"@type\":\"EntryPoint\",\"urlTemplate\":\"https:\/\/motoprotemplates.com\/?s={search_term_string}\"},\"query-input\":\"required name=search_term_string\"}],\"inLanguage\":\"de\"},{\"@type\":[\"Person\",\"Organization\"],\"@id\":\"https:\/\/motoprotemplates.com\/#\/schema\/person\/89029608b69c685517442dbb10b20703\",\"name\":\"pjm\",\"image\":{\"@type\":\"ImageObject\",\"inLanguage\":\"de\",\"@id\":\"https:\/\/motoprotemplates.com\/#\/schema\/person\/image\/\",\"url\":\"https:\/\/motoprotemplates.com\/wp-content\/uploads\/2023\/07\/cropped-logoMrTemplates-2.png\",\"contentUrl\":\"https:\/\/motoprotemplates.com\/wp-content\/uploads\/2023\/07\/cropped-logoMrTemplates-2.png\",\"width\":3006,\"height\":3006,\"caption\":\"pjm\"},\"logo\":{\"@id\":\"https:\/\/motoprotemplates.com\/#\/schema\/person\/image\/\"}}]}<\/script>\n<!-- \/ Yoast SEO Premium plugin. -->","yoast_head_json":{"title":"About us | MR. TEMPLATES","description":"I\u2019ve been in the Motorcycle graphics kits industry since 2015 designing & creating the templates for mx, road, atv\u2019s, and many other areas","robots":{"index":"index","follow":"follow","max-snippet":"max-snippet:-1","max-image-preview":"max-image-preview:large","max-video-preview":"max-video-preview:-1"},"canonical":"https:\/\/motoprotemplates.com\/de\/um\/","og_locale":"de_DE","og_type":"article","og_title":"About","og_description":"I\u2019ve been in the Motorcycle graphics kits industry since 2015 designing & creating the templates for mx, road, atv\u2019s, and many other areas","og_url":"https:\/\/motoprotemplates.com\/de\/um\/","og_site_name":"Motorcycle Templates","article_modified_time":"2023-08-01T05:00:12+00:00","og_image":[{"url":"https:\/\/s.w.org\/images\/core\/emoji\/14.0.0\/svg\/1f64b-200d-2642-fe0f.svg"}],"twitter_card":"summary_large_image","twitter_misc":{"Gesch\u00e4tzte Lesezeit":"3\u00a0Minuten"},"schema":{"@context":"https:\/\/schema.org","@graph":[{"@type":"WebPage","@id":"https:\/\/motoprotemplates.com\/about\/","url":"https:\/\/motoprotemplates.com\/about\/","name":"About us | MR. TEMPLATES","isPartOf":{"@id":"https:\/\/motoprotemplates.com\/#website"},"datePublished":"2022-11-18T01:55:03+00:00","dateModified":"2023-08-01T05:00:12+00:00","description":"I\u2019ve been in the Motorcycle graphics kits industry since 2015 designing & creating the templates for mx, road, atv\u2019s, and many other areas","breadcrumb":{"@id":"https:\/\/motoprotemplates.com\/about\/#breadcrumb"},"inLanguage":"de","potentialAction":[{"@type":"ReadAction","target":["https:\/\/motoprotemplates.com\/about\/"]}]},{"@type":"BreadcrumbList","@id":"https:\/\/motoprotemplates.com\/about\/#breadcrumb","itemListElement":[{"@type":"ListItem","position":1,"name":"Home","item":"https:\/\/motoprotemplates.com\/de\/"},{"@type":"ListItem","position":2,"name":"About"}]},{"@type":"WebSite","@id":"https:\/\/motoprotemplates.com\/#website","url":"https:\/\/motoprotemplates.com\/","name":"motoprotemplates","description":"digital files motorcycle templates and t shirt designs download","publisher":{"@id":"https:\/\/motoprotemplates.com\/#\/schema\/person\/89029608b69c685517442dbb10b20703"},"potentialAction":[{"@type":"SearchAction","target":{"@type":"EntryPoint","urlTemplate":"https:\/\/motoprotemplates.com\/?s={search_term_string}"},"query-input":"required name=search_term_string"}],"inLanguage":"de"},{"@type":["Person","Organization"],"@id":"https:\/\/motoprotemplates.com\/#\/schema\/person\/89029608b69c685517442dbb10b20703","name":"pjm","image":{"@type":"ImageObject","inLanguage":"de","@id":"https:\/\/motoprotemplates.com\/#\/schema\/person\/image\/","url":"https:\/\/motoprotemplates.com\/wp-content\/uploads\/2023\/07\/cropped-logoMrTemplates-2.png","contentUrl":"https:\/\/motoprotemplates.com\/wp-content\/uploads\/2023\/07\/cropped-logoMrTemplates-2.png","width":3006,"height":3006,"caption":"pjm"},"logo":{"@id":"https:\/\/motoprotemplates.com\/#\/schema\/person\/image\/"}}]}},"_links":{"self":[{"href":"https:\/\/motoprotemplates.com\/de\/wp-json\/wp\/v2\/pages\/645","targetHints":{"allow":["GET"]}}],"collection":[{"href":"https:\/\/motoprotemplates.com\/de\/wp-json\/wp\/v2\/pages"}],"about":[{"href":"https:\/\/motoprotemplates.com\/de\/wp-json\/wp\/v2\/types\/page"}],"author":[{"embeddable":true,"href":"https:\/\/motoprotemplates.com\/de\/wp-json\/wp\/v2\/users\/1"}],"replies":[{"embeddable":true,"href":"https:\/\/motoprotemplates.com\/de\/wp-json\/wp\/v2\/comments?post=645"}],"version-history":[{"count":0,"href":"https:\/\/motoprotemplates.com\/de\/wp-json\/wp\/v2\/pages\/645\/revisions"}],"wp:attachment":[{"href":"https:\/\/motoprotemplates.com\/de\/wp-json\/wp\/v2\/media?parent=645"}],"curies":[{"name":"wp","href":"https:\/\/api.w.org\/{rel}","templated":true}]}}