{"id":2,"date":"2023-07-11T20:07:46","date_gmt":"2023-07-11T20:07:46","guid":{"rendered":"http:\/\/motoprotemplates.com\/?page_id=2"},"modified":"2023-07-11T20:07:46","modified_gmt":"2023-07-11T20:07:46","slug":"sample-page","status":"publish","type":"page","link":"https:\/\/motoprotemplates.com\/fi\/sample-page\/","title":{"rendered":"N\u00e4yte Sivu"},"content":{"rendered":"<p>T\u00e4m\u00e4 on esimerkkisivu. Se eroaa blogikirjoituksesta, koska se pysyy yhdess\u00e4 paikassa ja n\u00e4kyy sivuston navigoinnissa (useimmissa teemoissa). Useimmat ihmiset aloittavat Tietoja-sivulla, joka esittelee heid\u00e4t mahdollisille sivustovierailijoille. Se voi kuulua esimerkiksi n\u00e4in:<\/p>\n\n\n\n<blockquote class=\"wp-block-quote is-layout-flow wp-block-quote-is-layout-flow\"><p>Hei! Olen py\u00f6r\u00e4l\u00e4hetti p\u00e4iv\u00e4ll\u00e4, pyrkiv\u00e4 n\u00e4yttelij\u00e4 y\u00f6ll\u00e4, ja t\u00e4m\u00e4 on minun sivusto. Asun Los Angelesissa, minulla on mahtava koira nimelt\u00e4 Jack ja pid\u00e4n pi\u00f1a coladoista. (Ja sateeseen j\u00e4\u00e4misest\u00e4.)<\/p><\/blockquote>\n\n\n\n<p>...tai jotain t\u00e4llaista:<\/p>\n\n\n\n<blockquote class=\"wp-block-quote is-layout-flow wp-block-quote-is-layout-flow\"><p>XYZ Doohickey Company perustettiin vuonna 1971, ja siit\u00e4 l\u00e4htien se on tarjonnut yleis\u00f6lle laadukkaita doohickej\u00e4. Gotham Cityss\u00e4 sijaitseva XYZ ty\u00f6llist\u00e4\u00e4 yli 2 000 ihmist\u00e4 ja tekee kaikenlaisia mahtavia asioita Gothamin yhteis\u00f6n hyv\u00e4ksi.<\/p><\/blockquote>\n\n\n\n<p>Uutena WordPress-k\u00e4ytt\u00e4j\u00e4n\u00e4 sinun pit\u00e4isi menn\u00e4 osoitteeseen <a href=\"http:\/\/motoprotemplates.com\/wp-admin\/\">kojelautasi<\/a> voit poistaa t\u00e4m\u00e4n sivun ja luoda uusia sivuja sis\u00e4ll\u00f6llesi. Pid\u00e4 hauskaa!<\/p>","protected":false},"excerpt":{"rendered":"<p>This is an example page. It&#8217;s different from a blog post because it will stay in one place and will show up in your site navigation (in most themes). Most people start with an About page that introduces them to potential site visitors. It might say something like this: Hi there! I&#8217;m a bike messenger &hellip;<\/p>\n<p class=\"read-more\"> <a class=\"\" href=\"https:\/\/motoprotemplates.com\/fi\/sample-page\/\"> <span class=\"screen-reader-text\">N\u00e4yte Sivu<\/span> Lue lis\u00e4\u00e4 \"<\/a><\/p>","protected":false},"author":1,"featured_media":0,"parent":0,"menu_order":0,"comment_status":"closed","ping_status":"open","template":"","meta":{"_monsterinsights_skip_tracking":false,"_monsterinsights_sitenote_active":false,"_monsterinsights_sitenote_note":"","_monsterinsights_sitenote_category":0,"site-sidebar-layout":"default","site-content-layout":"default","ast-global-header-display":"","ast-banner-title-visibility":"","ast-main-header-display":"","ast-hfb-above-header-display":"","ast-hfb-below-header-display":"","ast-hfb-mobile-header-display":"","site-post-title":"","ast-breadcrumbs-content":"","ast-featured-img":"","footer-sml-layout":"","theme-transparent-header-meta":"","adv-header-id-meta":"","stick-header-meta":"","header-above-stick-meta":"","header-main-stick-meta":"","header-below-stick-meta":"","footnotes":""},"class_list":["post-2","page","type-page","status-publish","hentry"],"yoast_head":"<!-- This site is optimized with the Yoast SEO Premium plugin v20.11 (Yoast SEO v21.3) - https:\/\/yoast.com\/wordpress\/plugins\/seo\/ -->\n<title>Sample Page - Motorcycle Templates<\/title>\n<meta name=\"robots\" content=\"index, follow, max-snippet:-1, max-image-preview:large, max-video-preview:-1\" \/>\n<link rel=\"canonical\" href=\"https:\/\/motoprotemplates.com\/fi\/sample-page\/\" \/>\n<meta property=\"og:locale\" content=\"fi_FI\" \/>\n<meta property=\"og:type\" content=\"article\" \/>\n<meta property=\"og:title\" content=\"Sample Page\" \/>\n<meta property=\"og:description\" content=\"This is an example page. It&#8217;s different from a blog post because it will stay in one place and will show up in your site navigation (in most themes). Most people start with an About page that introduces them to potential site visitors. It might say something like this: Hi there! I&#8217;m a bike messenger &hellip; Sample Page Lue lis\u00e4\u00e4 &raquo;\" \/>\n<meta property=\"og:url\" content=\"https:\/\/motoprotemplates.com\/fi\/sample-page\/\" \/>\n<meta property=\"og:site_name\" content=\"Motorcycle Templates\" \/>\n<meta name=\"twitter:card\" content=\"summary_large_image\" \/>\n<meta name=\"twitter:label1\" content=\"Arvioitu lukuaika\" \/>\n\t<meta name=\"twitter:data1\" content=\"1 minuutti\" \/>\n<script type=\"application\/ld+json\" class=\"yoast-schema-graph\">{\"@context\":\"https:\/\/schema.org\",\"@graph\":[{\"@type\":\"WebPage\",\"@id\":\"https:\/\/motoprotemplates.com\/sample-page\/\",\"url\":\"https:\/\/motoprotemplates.com\/sample-page\/\",\"name\":\"Sample Page - Motorcycle Templates\",\"isPartOf\":{\"@id\":\"https:\/\/motoprotemplates.com\/#website\"},\"datePublished\":\"2023-07-11T20:07:46+00:00\",\"dateModified\":\"2023-07-11T20:07:46+00:00\",\"breadcrumb\":{\"@id\":\"https:\/\/motoprotemplates.com\/sample-page\/#breadcrumb\"},\"inLanguage\":\"fi\",\"potentialAction\":[{\"@type\":\"ReadAction\",\"target\":[\"https:\/\/motoprotemplates.com\/sample-page\/\"]}]},{\"@type\":\"BreadcrumbList\",\"@id\":\"https:\/\/motoprotemplates.com\/sample-page\/#breadcrumb\",\"itemListElement\":[{\"@type\":\"ListItem\",\"position\":1,\"name\":\"Home\",\"item\":\"https:\/\/motoprotemplates.com\/de\/\"},{\"@type\":\"ListItem\",\"position\":2,\"name\":\"Sample Page\"}]},{\"@type\":\"WebSite\",\"@id\":\"https:\/\/motoprotemplates.com\/#website\",\"url\":\"https:\/\/motoprotemplates.com\/\",\"name\":\"motoprotemplates\",\"description\":\"digital files motorcycle templates and t shirt designs download\",\"publisher\":{\"@id\":\"https:\/\/motoprotemplates.com\/#\/schema\/person\/89029608b69c685517442dbb10b20703\"},\"potentialAction\":[{\"@type\":\"SearchAction\",\"target\":{\"@type\":\"EntryPoint\",\"urlTemplate\":\"https:\/\/motoprotemplates.com\/?s={search_term_string}\"},\"query-input\":\"required name=search_term_string\"}],\"inLanguage\":\"fi\"},{\"@type\":[\"Person\",\"Organization\"],\"@id\":\"https:\/\/motoprotemplates.com\/#\/schema\/person\/89029608b69c685517442dbb10b20703\",\"name\":\"pjm\",\"image\":{\"@type\":\"ImageObject\",\"inLanguage\":\"fi\",\"@id\":\"https:\/\/motoprotemplates.com\/#\/schema\/person\/image\/\",\"url\":\"https:\/\/motoprotemplates.com\/wp-content\/uploads\/2023\/07\/cropped-logoMrTemplates-2.png\",\"contentUrl\":\"https:\/\/motoprotemplates.com\/wp-content\/uploads\/2023\/07\/cropped-logoMrTemplates-2.png\",\"width\":3006,\"height\":3006,\"caption\":\"pjm\"},\"logo\":{\"@id\":\"https:\/\/motoprotemplates.com\/#\/schema\/person\/image\/\"}}]}<\/script>\n<!-- \/ Yoast SEO Premium plugin. -->","yoast_head_json":{"title":"Sample Page - Motorcycle Templates","robots":{"index":"index","follow":"follow","max-snippet":"max-snippet:-1","max-image-preview":"max-image-preview:large","max-video-preview":"max-video-preview:-1"},"canonical":"https:\/\/motoprotemplates.com\/fi\/sample-page\/","og_locale":"fi_FI","og_type":"article","og_title":"Sample Page","og_description":"This is an example page. It&#8217;s different from a blog post because it will stay in one place and will show up in your site navigation (in most themes). Most people start with an About page that introduces them to potential site visitors. It might say something like this: Hi there! I&#8217;m a bike messenger &hellip; Sample Page Lue lis\u00e4\u00e4 &raquo;","og_url":"https:\/\/motoprotemplates.com\/fi\/sample-page\/","og_site_name":"Motorcycle Templates","twitter_card":"summary_large_image","twitter_misc":{"Arvioitu lukuaika":"1 minuutti"},"schema":{"@context":"https:\/\/schema.org","@graph":[{"@type":"WebPage","@id":"https:\/\/motoprotemplates.com\/sample-page\/","url":"https:\/\/motoprotemplates.com\/sample-page\/","name":"Sample Page - Motorcycle Templates","isPartOf":{"@id":"https:\/\/motoprotemplates.com\/#website"},"datePublished":"2023-07-11T20:07:46+00:00","dateModified":"2023-07-11T20:07:46+00:00","breadcrumb":{"@id":"https:\/\/motoprotemplates.com\/sample-page\/#breadcrumb"},"inLanguage":"fi","potentialAction":[{"@type":"ReadAction","target":["https:\/\/motoprotemplates.com\/sample-page\/"]}]},{"@type":"BreadcrumbList","@id":"https:\/\/motoprotemplates.com\/sample-page\/#breadcrumb","itemListElement":[{"@type":"ListItem","position":1,"name":"Home","item":"https:\/\/motoprotemplates.com\/de\/"},{"@type":"ListItem","position":2,"name":"Sample Page"}]},{"@type":"WebSite","@id":"https:\/\/motoprotemplates.com\/#website","url":"https:\/\/motoprotemplates.com\/","name":"motoprotemplates","description":"digital files motorcycle templates and t shirt designs download","publisher":{"@id":"https:\/\/motoprotemplates.com\/#\/schema\/person\/89029608b69c685517442dbb10b20703"},"potentialAction":[{"@type":"SearchAction","target":{"@type":"EntryPoint","urlTemplate":"https:\/\/motoprotemplates.com\/?s={search_term_string}"},"query-input":"required name=search_term_string"}],"inLanguage":"fi"},{"@type":["Person","Organization"],"@id":"https:\/\/motoprotemplates.com\/#\/schema\/person\/89029608b69c685517442dbb10b20703","name":"pjm","image":{"@type":"ImageObject","inLanguage":"fi","@id":"https:\/\/motoprotemplates.com\/#\/schema\/person\/image\/","url":"https:\/\/motoprotemplates.com\/wp-content\/uploads\/2023\/07\/cropped-logoMrTemplates-2.png","contentUrl":"https:\/\/motoprotemplates.com\/wp-content\/uploads\/2023\/07\/cropped-logoMrTemplates-2.png","width":3006,"height":3006,"caption":"pjm"},"logo":{"@id":"https:\/\/motoprotemplates.com\/#\/schema\/person\/image\/"}}]}},"_links":{"self":[{"href":"https:\/\/motoprotemplates.com\/fi\/wp-json\/wp\/v2\/pages\/2","targetHints":{"allow":["GET"]}}],"collection":[{"href":"https:\/\/motoprotemplates.com\/fi\/wp-json\/wp\/v2\/pages"}],"about":[{"href":"https:\/\/motoprotemplates.com\/fi\/wp-json\/wp\/v2\/types\/page"}],"author":[{"embeddable":true,"href":"https:\/\/motoprotemplates.com\/fi\/wp-json\/wp\/v2\/users\/1"}],"replies":[{"embeddable":true,"href":"https:\/\/motoprotemplates.com\/fi\/wp-json\/wp\/v2\/comments?post=2"}],"version-history":[{"count":0,"href":"https:\/\/motoprotemplates.com\/fi\/wp-json\/wp\/v2\/pages\/2\/revisions"}],"wp:attachment":[{"href":"https:\/\/motoprotemplates.com\/fi\/wp-json\/wp\/v2\/media?parent=2"}],"curies":[{"name":"wp","href":"https:\/\/api.w.org\/{rel}","templated":true}]}}