{"id":2428,"date":"2023-08-12T02:55:19","date_gmt":"2023-08-12T09:55:19","guid":{"rendered":"https:\/\/motoprotemplates.com\/?page_id=2428"},"modified":"2023-08-12T02:55:19","modified_gmt":"2023-08-12T09:55:19","slug":"privacy-policy-2","status":"publish","type":"page","link":"https:\/\/motoprotemplates.com\/fr\/privacy-policy-2\/","title":{"rendered":"Politique de confidentialit\u00e9"},"content":{"rendered":"<h2 class=\"wp-block-heading\">Qui sommes-nous ?<\/h2>\r\n\r\n\r\n\r\n<p>L'adresse de notre site web est la suivante : https:\/\/motoprotemplates.com.<\/p>\r\n\r\n\r\n\r\n\r\n\r\n\r\n\r\n<h2 class=\"wp-block-heading\">Cookies<\/h2>\r\n\r\n\r\n\r\n\r\n\r\n<p>Si vous visitez notre page de connexion, nous installerons un cookie temporaire pour d\u00e9terminer si votre navigateur accepte les cookies. Ce cookie ne contient aucune donn\u00e9e personnelle et est supprim\u00e9 lorsque vous fermez votre navigateur.<\/p>\r\n\r\n\r\n\r\n<p>Lorsque vous vous connectez, nous installons \u00e9galement plusieurs cookies pour enregistrer vos informations de connexion et vos choix d'affichage \u00e0 l'\u00e9cran. Les cookies de connexion ont une dur\u00e9e de vie de deux jours et les cookies d'options d'\u00e9cran ont une dur\u00e9e de vie d'un an. Si vous s\u00e9lectionnez l'option \"Se souvenir de moi\", votre connexion sera conserv\u00e9e pendant deux semaines. Si vous vous d\u00e9connectez de votre compte, les cookies de connexion seront supprim\u00e9s.<\/p>\r\n\r\n\r\n\r\n<p>Si vous modifiez ou publiez un article, un cookie suppl\u00e9mentaire sera enregistr\u00e9 dans votre navigateur. Ce cookie ne contient aucune donn\u00e9e personnelle et indique simplement l'identifiant de l'article que vous venez de modifier. Il expire apr\u00e8s 1 jour.<\/p>\r\n\r\n\r\n\r\n\r\n\r\n<h2 class=\"wp-block-heading\">Avec qui nous partageons vos donn\u00e9es<\/h2>\r\n<p>Nous ne vendons et ne vendrons aucune de vos donn\u00e9es personnelles \u00e0 des tiers. Ceci est vital pour nous assurer que nous conservons la confiance que vous avez en nous et pour maintenir la confidentialit\u00e9 de vos donn\u00e9es.<\/p>\r\n\r\n\r\n\r\n<p>Si vous demandez une r\u00e9initialisation de votre mot de passe, votre adresse IP sera incluse dans l'e-mail de r\u00e9initialisation.<\/p>\r\n\r\n\r\n\r\n<h2 class=\"wp-block-heading\">Dur\u00e9e de conservation des donn\u00e9es<\/h2>\r\n\r\n\r\n\r\n\r\n\r\n<p>Pour les utilisateurs qui s'inscrivent sur notre site web (le cas \u00e9ch\u00e9ant), nous stockons \u00e9galement les informations personnelles qu'ils fournissent dans leur profil d'utilisateur. Tous les utilisateurs peuvent voir, modifier ou supprimer leurs informations personnelles \u00e0 tout moment (sauf qu'ils ne peuvent pas changer leur nom d'utilisateur). Les administrateurs du site web peuvent \u00e9galement consulter et modifier ces informations.<\/p>\r\n\r\n\r\n\r\n<h2 class=\"wp-block-heading\">Quels sont les droits dont vous disposez sur vos donn\u00e9es ?<\/h2>\r\n\r\n\r\n\r\n<p>Si vous avez un compte sur ce site, ou si vous avez laiss\u00e9 des commentaires, vous pouvez demander \u00e0 recevoir un fichier export\u00e9 des donn\u00e9es personnelles que nous d\u00e9tenons \u00e0 votre sujet, y compris toutes les donn\u00e9es que vous nous avez fournies. Vous pouvez \u00e9galement nous demander d'effacer toutes les donn\u00e9es personnelles que nous d\u00e9tenons \u00e0 votre sujet. Cela n'inclut pas les donn\u00e9es que nous sommes oblig\u00e9s de conserver \u00e0 des fins administratives, juridiques ou de s\u00e9curit\u00e9.<\/p>\r\n\r\n\r\n\r\n<h2 class=\"wp-block-heading\">O\u00f9 vos donn\u00e9es sont-elles envoy\u00e9es ?<\/h2>\r\n<p>Nous ne vendons et ne vendrons aucune de vos donn\u00e9es personnelles \u00e0 des tiers. Ceci est vital pour nous assurer que nous conservons la confiance que vous avez en nous et pour maintenir la confidentialit\u00e9 de vos donn\u00e9es.<\/p>\r\n\r\n\r\n\r\n<p>Il se peut toutefois que nous devions parfois partager vos donn\u00e9es \u00e0 caract\u00e8re personnel avec des prestataires de services, tels que des agences de marketing, des annonceurs, des agences de recrutement, des h\u00e9bergeurs de sites web et d'autres fournisseurs de technologie qui nous aident \u00e0 g\u00e9rer et \u00e0 faciliter nos op\u00e9rations et \u00e0 fournir des services essentiels \u00e0 notre communaut\u00e9 et \u00e0 nos clients.<\/p>\r\n<p>Ces prestataires de services tiers ne sont pas autoris\u00e9s \u00e0 utiliser ou \u00e0 divulguer vos donn\u00e9es \u00e0 caract\u00e8re personnel, sauf si cela est n\u00e9cessaire pour fournir des services en notre nom ou pour se conformer aux exigences l\u00e9gales.<\/p>","protected":false},"excerpt":{"rendered":"<p>Who we are Our website address is: https:\/\/motoprotemplates.com. Cookies If you visit our login page, we will set a temporary cookie to determine if your browser accepts cookies. This cookie contains no personal data and is discarded when you close your browser. When you log in, we will also set up several cookies to save &hellip;<\/p>\n<p class=\"read-more\"> <a class=\"\" href=\"https:\/\/motoprotemplates.com\/fr\/privacy-policy-2\/\"> <span class=\"screen-reader-text\">Politique de confidentialit\u00e9<\/span> Lire la suite \"<\/a><\/p>","protected":false},"author":1,"featured_media":0,"parent":0,"menu_order":0,"comment_status":"closed","ping_status":"closed","template":"","meta":{"_monsterinsights_skip_tracking":false,"_monsterinsights_sitenote_active":false,"_monsterinsights_sitenote_note":"","_monsterinsights_sitenote_category":0,"site-sidebar-layout":"default","site-content-layout":"default","ast-global-header-display":"","ast-banner-title-visibility":"","ast-main-header-display":"","ast-hfb-above-header-display":"","ast-hfb-below-header-display":"","ast-hfb-mobile-header-display":"","site-post-title":"","ast-breadcrumbs-content":"","ast-featured-img":"","footer-sml-layout":"","theme-transparent-header-meta":"default","adv-header-id-meta":"","stick-header-meta":"","header-above-stick-meta":"","header-main-stick-meta":"","header-below-stick-meta":"","footnotes":""},"class_list":["post-2428","page","type-page","status-publish","hentry"],"yoast_head":"<!-- This site is optimized with the Yoast SEO Premium plugin v20.11 (Yoast SEO v21.3) - https:\/\/yoast.com\/wordpress\/plugins\/seo\/ -->\n<title>Privacy Policy - Motorcycle Templates MotoProTemplates<\/title>\n<meta name=\"robots\" content=\"index, follow, max-snippet:-1, max-image-preview:large, max-video-preview:-1\" \/>\n<link rel=\"canonical\" href=\"https:\/\/motoprotemplates.com\/fr\/privacy-policy-2\/\" \/>\n<meta property=\"og:locale\" content=\"fr_FR\" \/>\n<meta property=\"og:type\" content=\"article\" \/>\n<meta property=\"og:title\" content=\"Privacy Policy\" \/>\n<meta property=\"og:description\" content=\"Who we are Our website address is: https:\/\/motoprotemplates.com. Cookies If you visit our login page, we will set a temporary cookie to determine if your browser accepts cookies. This cookie contains no personal data and is discarded when you close your browser. When you log in, we will also set up several cookies to save &hellip; Privacy Policy Lire la suite\u00a0\u00bb\" \/>\n<meta property=\"og:url\" content=\"https:\/\/motoprotemplates.com\/fr\/privacy-policy-2\/\" \/>\n<meta property=\"og:site_name\" content=\"Motorcycle Templates\" \/>\n<meta name=\"twitter:card\" content=\"summary_large_image\" \/>\n<meta name=\"twitter:label1\" content=\"Dur\u00e9e de lecture estim\u00e9e\" \/>\n\t<meta name=\"twitter:data1\" content=\"2 minutes\" \/>\n<script type=\"application\/ld+json\" class=\"yoast-schema-graph\">{\"@context\":\"https:\/\/schema.org\",\"@graph\":[{\"@type\":\"WebPage\",\"@id\":\"https:\/\/motoprotemplates.com\/privacy-policy-2\/\",\"url\":\"https:\/\/motoprotemplates.com\/privacy-policy-2\/\",\"name\":\"Privacy Policy - Motorcycle Templates MotoProTemplates\",\"isPartOf\":{\"@id\":\"https:\/\/motoprotemplates.com\/#website\"},\"datePublished\":\"2023-08-12T09:55:19+00:00\",\"dateModified\":\"2023-08-12T09:55:19+00:00\",\"breadcrumb\":{\"@id\":\"https:\/\/motoprotemplates.com\/privacy-policy-2\/#breadcrumb\"},\"inLanguage\":\"fr-FR\",\"potentialAction\":[{\"@type\":\"ReadAction\",\"target\":[\"https:\/\/motoprotemplates.com\/privacy-policy-2\/\"]}]},{\"@type\":\"BreadcrumbList\",\"@id\":\"https:\/\/motoprotemplates.com\/privacy-policy-2\/#breadcrumb\",\"itemListElement\":[{\"@type\":\"ListItem\",\"position\":1,\"name\":\"Home\",\"item\":\"https:\/\/motoprotemplates.com\/de\/\"},{\"@type\":\"ListItem\",\"position\":2,\"name\":\"Privacy Policy\"}]},{\"@type\":\"WebSite\",\"@id\":\"https:\/\/motoprotemplates.com\/#website\",\"url\":\"https:\/\/motoprotemplates.com\/\",\"name\":\"motoprotemplates\",\"description\":\"digital files motorcycle templates and t shirt designs download\",\"publisher\":{\"@id\":\"https:\/\/motoprotemplates.com\/#\/schema\/person\/89029608b69c685517442dbb10b20703\"},\"potentialAction\":[{\"@type\":\"SearchAction\",\"target\":{\"@type\":\"EntryPoint\",\"urlTemplate\":\"https:\/\/motoprotemplates.com\/?s={search_term_string}\"},\"query-input\":\"required name=search_term_string\"}],\"inLanguage\":\"fr-FR\"},{\"@type\":[\"Person\",\"Organization\"],\"@id\":\"https:\/\/motoprotemplates.com\/#\/schema\/person\/89029608b69c685517442dbb10b20703\",\"name\":\"pjm\",\"image\":{\"@type\":\"ImageObject\",\"inLanguage\":\"fr-FR\",\"@id\":\"https:\/\/motoprotemplates.com\/#\/schema\/person\/image\/\",\"url\":\"https:\/\/motoprotemplates.com\/wp-content\/uploads\/2023\/07\/cropped-logoMrTemplates-2.png\",\"contentUrl\":\"https:\/\/motoprotemplates.com\/wp-content\/uploads\/2023\/07\/cropped-logoMrTemplates-2.png\",\"width\":3006,\"height\":3006,\"caption\":\"pjm\"},\"logo\":{\"@id\":\"https:\/\/motoprotemplates.com\/#\/schema\/person\/image\/\"}}]}<\/script>\n<!-- \/ Yoast SEO Premium plugin. -->","yoast_head_json":{"title":"Privacy Policy - Motorcycle Templates MotoProTemplates","robots":{"index":"index","follow":"follow","max-snippet":"max-snippet:-1","max-image-preview":"max-image-preview:large","max-video-preview":"max-video-preview:-1"},"canonical":"https:\/\/motoprotemplates.com\/fr\/privacy-policy-2\/","og_locale":"fr_FR","og_type":"article","og_title":"Privacy Policy","og_description":"Who we are Our website address is: https:\/\/motoprotemplates.com. Cookies If you visit our login page, we will set a temporary cookie to determine if your browser accepts cookies. This cookie contains no personal data and is discarded when you close your browser. When you log in, we will also set up several cookies to save &hellip; Privacy Policy Lire la suite\u00a0\u00bb","og_url":"https:\/\/motoprotemplates.com\/fr\/privacy-policy-2\/","og_site_name":"Motorcycle Templates","twitter_card":"summary_large_image","twitter_misc":{"Dur\u00e9e de lecture estim\u00e9e":"2 minutes"},"schema":{"@context":"https:\/\/schema.org","@graph":[{"@type":"WebPage","@id":"https:\/\/motoprotemplates.com\/privacy-policy-2\/","url":"https:\/\/motoprotemplates.com\/privacy-policy-2\/","name":"Privacy Policy - Motorcycle Templates MotoProTemplates","isPartOf":{"@id":"https:\/\/motoprotemplates.com\/#website"},"datePublished":"2023-08-12T09:55:19+00:00","dateModified":"2023-08-12T09:55:19+00:00","breadcrumb":{"@id":"https:\/\/motoprotemplates.com\/privacy-policy-2\/#breadcrumb"},"inLanguage":"fr-FR","potentialAction":[{"@type":"ReadAction","target":["https:\/\/motoprotemplates.com\/privacy-policy-2\/"]}]},{"@type":"BreadcrumbList","@id":"https:\/\/motoprotemplates.com\/privacy-policy-2\/#breadcrumb","itemListElement":[{"@type":"ListItem","position":1,"name":"Home","item":"https:\/\/motoprotemplates.com\/de\/"},{"@type":"ListItem","position":2,"name":"Privacy Policy"}]},{"@type":"WebSite","@id":"https:\/\/motoprotemplates.com\/#website","url":"https:\/\/motoprotemplates.com\/","name":"motoprotemplates","description":"digital files motorcycle templates and t shirt designs download","publisher":{"@id":"https:\/\/motoprotemplates.com\/#\/schema\/person\/89029608b69c685517442dbb10b20703"},"potentialAction":[{"@type":"SearchAction","target":{"@type":"EntryPoint","urlTemplate":"https:\/\/motoprotemplates.com\/?s={search_term_string}"},"query-input":"required name=search_term_string"}],"inLanguage":"fr-FR"},{"@type":["Person","Organization"],"@id":"https:\/\/motoprotemplates.com\/#\/schema\/person\/89029608b69c685517442dbb10b20703","name":"pjm","image":{"@type":"ImageObject","inLanguage":"fr-FR","@id":"https:\/\/motoprotemplates.com\/#\/schema\/person\/image\/","url":"https:\/\/motoprotemplates.com\/wp-content\/uploads\/2023\/07\/cropped-logoMrTemplates-2.png","contentUrl":"https:\/\/motoprotemplates.com\/wp-content\/uploads\/2023\/07\/cropped-logoMrTemplates-2.png","width":3006,"height":3006,"caption":"pjm"},"logo":{"@id":"https:\/\/motoprotemplates.com\/#\/schema\/person\/image\/"}}]}},"_links":{"self":[{"href":"https:\/\/motoprotemplates.com\/fr\/wp-json\/wp\/v2\/pages\/2428","targetHints":{"allow":["GET"]}}],"collection":[{"href":"https:\/\/motoprotemplates.com\/fr\/wp-json\/wp\/v2\/pages"}],"about":[{"href":"https:\/\/motoprotemplates.com\/fr\/wp-json\/wp\/v2\/types\/page"}],"author":[{"embeddable":true,"href":"https:\/\/motoprotemplates.com\/fr\/wp-json\/wp\/v2\/users\/1"}],"replies":[{"embeddable":true,"href":"https:\/\/motoprotemplates.com\/fr\/wp-json\/wp\/v2\/comments?post=2428"}],"version-history":[{"count":0,"href":"https:\/\/motoprotemplates.com\/fr\/wp-json\/wp\/v2\/pages\/2428\/revisions"}],"wp:attachment":[{"href":"https:\/\/motoprotemplates.com\/fr\/wp-json\/wp\/v2\/media?parent=2428"}],"curies":[{"name":"wp","href":"https:\/\/api.w.org\/{rel}","templated":true}]}}