{"id":2428,"date":"2023-08-12T02:55:19","date_gmt":"2023-08-12T09:55:19","guid":{"rendered":"https:\/\/motoprotemplates.com\/?page_id=2428"},"modified":"2023-08-12T02:55:19","modified_gmt":"2023-08-12T09:55:19","slug":"privacy-policy-2","status":"publish","type":"page","link":"https:\/\/motoprotemplates.com\/sv\/privacy-policy-2\/","title":{"rendered":"Integritetspolicy"},"content":{"rendered":"<h2 class=\"wp-block-heading\">Vilka vi \u00e4r<\/h2>\r\n\r\n\r\n\r\n<p>Adressen till v\u00e5r webbplats \u00e4r: https:\/\/motoprotemplates.com.<\/p>\r\n\r\n\r\n\r\n\r\n\r\n\r\n\r\n<h2 class=\"wp-block-heading\">Kakor<\/h2>\r\n\r\n\r\n\r\n\r\n\r\n<p>Om du bes\u00f6ker v\u00e5r inloggningssida kommer vi att s\u00e4tta en tillf\u00e4llig cookie f\u00f6r att avg\u00f6ra om din webbl\u00e4sare accepterar cookies. Denna cookie inneh\u00e5ller inga personuppgifter och raderas n\u00e4r du st\u00e4nger din webbl\u00e4sare.<\/p>\r\n\r\n\r\n\r\n<p>N\u00e4r du loggar in skapar vi ocks\u00e5 flera cookies f\u00f6r att spara din inloggningsinformation och dina val av sk\u00e4rmvisning. Inloggningscookies sparas i tv\u00e5 dagar och cookies f\u00f6r sk\u00e4rmalternativ sparas i ett \u00e5r. Om du v\u00e4ljer \"Kom ih\u00e5g mig\" kommer din inloggning att finnas kvar i tv\u00e5 veckor. Om du loggar ut fr\u00e5n ditt konto kommer inloggningscookies att tas bort.<\/p>\r\n\r\n\r\n\r\n<p>Om du redigerar eller publicerar en artikel sparas ytterligare en cookie i din webbl\u00e4sare. Denna cookie inneh\u00e5ller inga personuppgifter utan anger bara post-ID f\u00f6r den artikel som du just har redigerat. Den upph\u00f6r att g\u00e4lla efter 1 dag.<\/p>\r\n\r\n\r\n\r\n\r\n\r\n<h2 class=\"wp-block-heading\">Vem vi delar dina uppgifter med<\/h2>\r\n<p>Vi s\u00e4ljer inte, och kommer inte att s\u00e4lja, n\u00e5gra av dina personuppgifter till n\u00e5gon tredje part. Detta \u00e4r avg\u00f6rande f\u00f6r att vi ska kunna uppr\u00e4tth\u00e5lla det f\u00f6rtroende du har f\u00f6r oss och f\u00f6r att vi ska kunna uppr\u00e4tth\u00e5lla integriteten f\u00f6r dina uppgifter.<\/p>\r\n\r\n\r\n\r\n<p>Om du beg\u00e4r en \u00e5terst\u00e4llning av l\u00f6senordet kommer din IP-adress att inkluderas i e-postmeddelandet om \u00e5terst\u00e4llning.<\/p>\r\n\r\n\r\n\r\n<h2 class=\"wp-block-heading\">Hur l\u00e4nge vi beh\u00e5ller dina uppgifter<\/h2>\r\n\r\n\r\n\r\n\r\n\r\n<p>F\u00f6r anv\u00e4ndare som registrerar sig p\u00e5 v\u00e5r webbplats (om n\u00e5gon) lagrar vi ocks\u00e5 den personliga information som de tillhandah\u00e5ller i sin anv\u00e4ndarprofil. Alla anv\u00e4ndare kan n\u00e4r som helst se, redigera eller ta bort sina personuppgifter (f\u00f6rutom att de inte kan \u00e4ndra sitt anv\u00e4ndarnamn). Webbplatsadministrat\u00f6rer kan ocks\u00e5 se och redigera den informationen.<\/p>\r\n\r\n\r\n\r\n<h2 class=\"wp-block-heading\">Vilka r\u00e4ttigheter du har \u00f6ver dina uppgifter<\/h2>\r\n\r\n\r\n\r\n<p>Om du har ett konto p\u00e5 den h\u00e4r webbplatsen eller har l\u00e4mnat kommentarer kan du beg\u00e4ra att f\u00e5 en exporterad fil med de personuppgifter vi har om dig, inklusive alla uppgifter som du har l\u00e4mnat till oss. Du kan ocks\u00e5 beg\u00e4ra att vi raderar alla personuppgifter som vi har om dig. Detta g\u00e4ller inte uppgifter som vi \u00e4r skyldiga att beh\u00e5lla av administrativa, r\u00e4ttsliga eller s\u00e4kerhetsm\u00e4ssiga sk\u00e4l.<\/p>\r\n\r\n\r\n\r\n<h2 class=\"wp-block-heading\">Vart dina uppgifter skickas<\/h2>\r\n<p>Vi s\u00e4ljer inte, och kommer inte att s\u00e4lja, n\u00e5gra av dina personuppgifter till n\u00e5gon tredje part. Detta \u00e4r avg\u00f6rande f\u00f6r att vi ska kunna uppr\u00e4tth\u00e5lla det f\u00f6rtroende du har f\u00f6r oss och f\u00f6r att vi ska kunna uppr\u00e4tth\u00e5lla integriteten f\u00f6r dina uppgifter.<\/p>\r\n\r\n\r\n\r\n<p>Ibland kan vi dock beh\u00f6va dela dina personuppgifter med tj\u00e4nsteleverant\u00f6rer, s\u00e5som marknadsf\u00f6ringsbyr\u00e5er, annons\u00f6rer, rekryteringsbyr\u00e5er, webbplatsv\u00e4rdar och andra teknikleverant\u00f6rer som hj\u00e4lper oss att hantera och underl\u00e4tta v\u00e5r verksamhet och tillhandah\u00e5lla viktiga tj\u00e4nster till v\u00e5r gemenskap och v\u00e5ra kunder.<\/p>\r\n<p>Dessa tredjepartsleverant\u00f6rer f\u00e5r inte anv\u00e4nda eller l\u00e4mna ut dina personuppgifter annat \u00e4n om det \u00e4r n\u00f6dv\u00e4ndigt f\u00f6r att utf\u00f6ra tj\u00e4nster f\u00f6r v\u00e5r r\u00e4kning eller f\u00f6r att uppfylla r\u00e4ttsliga krav.<\/p>","protected":false},"excerpt":{"rendered":"<p>Who we are Our website address is: https:\/\/motoprotemplates.com. Cookies If you visit our login page, we will set a temporary cookie to determine if your browser accepts cookies. This cookie contains no personal data and is discarded when you close your browser. When you log in, we will also set up several cookies to save &hellip;<\/p>\n<p class=\"read-more\"> <a class=\"\" href=\"https:\/\/motoprotemplates.com\/sv\/privacy-policy-2\/\"> <span class=\"screen-reader-text\">Integritetspolicy<\/span> L\u00e4s mer \"<\/a><\/p>","protected":false},"author":1,"featured_media":0,"parent":0,"menu_order":0,"comment_status":"closed","ping_status":"closed","template":"","meta":{"_monsterinsights_skip_tracking":false,"_monsterinsights_sitenote_active":false,"_monsterinsights_sitenote_note":"","_monsterinsights_sitenote_category":0,"site-sidebar-layout":"default","site-content-layout":"default","ast-global-header-display":"","ast-banner-title-visibility":"","ast-main-header-display":"","ast-hfb-above-header-display":"","ast-hfb-below-header-display":"","ast-hfb-mobile-header-display":"","site-post-title":"","ast-breadcrumbs-content":"","ast-featured-img":"","footer-sml-layout":"","theme-transparent-header-meta":"default","adv-header-id-meta":"","stick-header-meta":"","header-above-stick-meta":"","header-main-stick-meta":"","header-below-stick-meta":"","footnotes":""},"class_list":["post-2428","page","type-page","status-publish","hentry"],"yoast_head":"<!-- This site is optimized with the Yoast SEO Premium plugin v20.11 (Yoast SEO v21.3) - https:\/\/yoast.com\/wordpress\/plugins\/seo\/ -->\n<title>Privacy Policy - Motorcycle Templates MotoProTemplates<\/title>\n<meta name=\"robots\" content=\"index, follow, max-snippet:-1, max-image-preview:large, max-video-preview:-1\" \/>\n<link rel=\"canonical\" href=\"https:\/\/motoprotemplates.com\/sv\/privacy-policy-2\/\" \/>\n<meta property=\"og:locale\" content=\"sv_SE\" \/>\n<meta property=\"og:type\" content=\"article\" \/>\n<meta property=\"og:title\" content=\"Privacy Policy\" \/>\n<meta property=\"og:description\" content=\"Who we are Our website address is: https:\/\/motoprotemplates.com. Cookies If you visit our login page, we will set a temporary cookie to determine if your browser accepts cookies. This cookie contains no personal data and is discarded when you close your browser. When you log in, we will also set up several cookies to save &hellip; Privacy Policy L\u00e4s mer &raquo;\" \/>\n<meta property=\"og:url\" content=\"https:\/\/motoprotemplates.com\/sv\/privacy-policy-2\/\" \/>\n<meta property=\"og:site_name\" content=\"Motorcycle Templates\" \/>\n<meta name=\"twitter:card\" content=\"summary_large_image\" \/>\n<meta name=\"twitter:label1\" content=\"Ber\u00e4knad l\u00e4stid\" \/>\n\t<meta name=\"twitter:data1\" content=\"2 minuter\" \/>\n<script type=\"application\/ld+json\" class=\"yoast-schema-graph\">{\"@context\":\"https:\/\/schema.org\",\"@graph\":[{\"@type\":\"WebPage\",\"@id\":\"https:\/\/motoprotemplates.com\/privacy-policy-2\/\",\"url\":\"https:\/\/motoprotemplates.com\/privacy-policy-2\/\",\"name\":\"Privacy Policy - Motorcycle Templates MotoProTemplates\",\"isPartOf\":{\"@id\":\"https:\/\/motoprotemplates.com\/#website\"},\"datePublished\":\"2023-08-12T09:55:19+00:00\",\"dateModified\":\"2023-08-12T09:55:19+00:00\",\"breadcrumb\":{\"@id\":\"https:\/\/motoprotemplates.com\/privacy-policy-2\/#breadcrumb\"},\"inLanguage\":\"sv-SE\",\"potentialAction\":[{\"@type\":\"ReadAction\",\"target\":[\"https:\/\/motoprotemplates.com\/privacy-policy-2\/\"]}]},{\"@type\":\"BreadcrumbList\",\"@id\":\"https:\/\/motoprotemplates.com\/privacy-policy-2\/#breadcrumb\",\"itemListElement\":[{\"@type\":\"ListItem\",\"position\":1,\"name\":\"Home\",\"item\":\"https:\/\/motoprotemplates.com\/de\/\"},{\"@type\":\"ListItem\",\"position\":2,\"name\":\"Privacy Policy\"}]},{\"@type\":\"WebSite\",\"@id\":\"https:\/\/motoprotemplates.com\/#website\",\"url\":\"https:\/\/motoprotemplates.com\/\",\"name\":\"motoprotemplates\",\"description\":\"digital files motorcycle templates and t shirt designs download\",\"publisher\":{\"@id\":\"https:\/\/motoprotemplates.com\/#\/schema\/person\/89029608b69c685517442dbb10b20703\"},\"potentialAction\":[{\"@type\":\"SearchAction\",\"target\":{\"@type\":\"EntryPoint\",\"urlTemplate\":\"https:\/\/motoprotemplates.com\/?s={search_term_string}\"},\"query-input\":\"required name=search_term_string\"}],\"inLanguage\":\"sv-SE\"},{\"@type\":[\"Person\",\"Organization\"],\"@id\":\"https:\/\/motoprotemplates.com\/#\/schema\/person\/89029608b69c685517442dbb10b20703\",\"name\":\"pjm\",\"image\":{\"@type\":\"ImageObject\",\"inLanguage\":\"sv-SE\",\"@id\":\"https:\/\/motoprotemplates.com\/#\/schema\/person\/image\/\",\"url\":\"https:\/\/motoprotemplates.com\/wp-content\/uploads\/2023\/07\/cropped-logoMrTemplates-2.png\",\"contentUrl\":\"https:\/\/motoprotemplates.com\/wp-content\/uploads\/2023\/07\/cropped-logoMrTemplates-2.png\",\"width\":3006,\"height\":3006,\"caption\":\"pjm\"},\"logo\":{\"@id\":\"https:\/\/motoprotemplates.com\/#\/schema\/person\/image\/\"}}]}<\/script>\n<!-- \/ Yoast SEO Premium plugin. -->","yoast_head_json":{"title":"Privacy Policy - Motorcycle Templates MotoProTemplates","robots":{"index":"index","follow":"follow","max-snippet":"max-snippet:-1","max-image-preview":"max-image-preview:large","max-video-preview":"max-video-preview:-1"},"canonical":"https:\/\/motoprotemplates.com\/sv\/privacy-policy-2\/","og_locale":"sv_SE","og_type":"article","og_title":"Privacy Policy","og_description":"Who we are Our website address is: https:\/\/motoprotemplates.com. Cookies If you visit our login page, we will set a temporary cookie to determine if your browser accepts cookies. This cookie contains no personal data and is discarded when you close your browser. When you log in, we will also set up several cookies to save &hellip; Privacy Policy L\u00e4s mer &raquo;","og_url":"https:\/\/motoprotemplates.com\/sv\/privacy-policy-2\/","og_site_name":"Motorcycle Templates","twitter_card":"summary_large_image","twitter_misc":{"Ber\u00e4knad l\u00e4stid":"2 minuter"},"schema":{"@context":"https:\/\/schema.org","@graph":[{"@type":"WebPage","@id":"https:\/\/motoprotemplates.com\/privacy-policy-2\/","url":"https:\/\/motoprotemplates.com\/privacy-policy-2\/","name":"Privacy Policy - Motorcycle Templates MotoProTemplates","isPartOf":{"@id":"https:\/\/motoprotemplates.com\/#website"},"datePublished":"2023-08-12T09:55:19+00:00","dateModified":"2023-08-12T09:55:19+00:00","breadcrumb":{"@id":"https:\/\/motoprotemplates.com\/privacy-policy-2\/#breadcrumb"},"inLanguage":"sv-SE","potentialAction":[{"@type":"ReadAction","target":["https:\/\/motoprotemplates.com\/privacy-policy-2\/"]}]},{"@type":"BreadcrumbList","@id":"https:\/\/motoprotemplates.com\/privacy-policy-2\/#breadcrumb","itemListElement":[{"@type":"ListItem","position":1,"name":"Home","item":"https:\/\/motoprotemplates.com\/de\/"},{"@type":"ListItem","position":2,"name":"Privacy Policy"}]},{"@type":"WebSite","@id":"https:\/\/motoprotemplates.com\/#website","url":"https:\/\/motoprotemplates.com\/","name":"motoprotemplates","description":"digital files motorcycle templates and t shirt designs download","publisher":{"@id":"https:\/\/motoprotemplates.com\/#\/schema\/person\/89029608b69c685517442dbb10b20703"},"potentialAction":[{"@type":"SearchAction","target":{"@type":"EntryPoint","urlTemplate":"https:\/\/motoprotemplates.com\/?s={search_term_string}"},"query-input":"required name=search_term_string"}],"inLanguage":"sv-SE"},{"@type":["Person","Organization"],"@id":"https:\/\/motoprotemplates.com\/#\/schema\/person\/89029608b69c685517442dbb10b20703","name":"pjm","image":{"@type":"ImageObject","inLanguage":"sv-SE","@id":"https:\/\/motoprotemplates.com\/#\/schema\/person\/image\/","url":"https:\/\/motoprotemplates.com\/wp-content\/uploads\/2023\/07\/cropped-logoMrTemplates-2.png","contentUrl":"https:\/\/motoprotemplates.com\/wp-content\/uploads\/2023\/07\/cropped-logoMrTemplates-2.png","width":3006,"height":3006,"caption":"pjm"},"logo":{"@id":"https:\/\/motoprotemplates.com\/#\/schema\/person\/image\/"}}]}},"_links":{"self":[{"href":"https:\/\/motoprotemplates.com\/sv\/wp-json\/wp\/v2\/pages\/2428","targetHints":{"allow":["GET"]}}],"collection":[{"href":"https:\/\/motoprotemplates.com\/sv\/wp-json\/wp\/v2\/pages"}],"about":[{"href":"https:\/\/motoprotemplates.com\/sv\/wp-json\/wp\/v2\/types\/page"}],"author":[{"embeddable":true,"href":"https:\/\/motoprotemplates.com\/sv\/wp-json\/wp\/v2\/users\/1"}],"replies":[{"embeddable":true,"href":"https:\/\/motoprotemplates.com\/sv\/wp-json\/wp\/v2\/comments?post=2428"}],"version-history":[{"count":0,"href":"https:\/\/motoprotemplates.com\/sv\/wp-json\/wp\/v2\/pages\/2428\/revisions"}],"wp:attachment":[{"href":"https:\/\/motoprotemplates.com\/sv\/wp-json\/wp\/v2\/media?parent=2428"}],"curies":[{"name":"wp","href":"https:\/\/api.w.org\/{rel}","templated":true}]}}